{"id":612,"date":"2024-11-21T07:14:01","date_gmt":"2024-11-21T05:14:01","guid":{"rendered":"https:\/\/royalbeauty.hu\/?post_type=product&#038;p=612"},"modified":"2025-03-13T10:28:11","modified_gmt":"2025-03-13T09:28:11","slug":"aroma-es-relax-masszazs-60-perc-harmonia-most-mindossze-13-900-ft-ert","status":"publish","type":"product","link":"https:\/\/royalbeauty.hu\/en\/product\/aroma-es-relax-masszazs-60-perc-harmonia-most-mindossze-13-900-ft-ert\/","title":{"rendered":"Aroma \u00e9s Relax Massz\u00e1zs \u2013 60 perc harm\u00f3nia most mind\u00f6ssze 13.900 Ft-\u00e9rt!"},"content":{"rendered":"","protected":false},"excerpt":{"rendered":"","protected":false},"featured_media":229,"comment_status":"closed","ping_status":"closed","template":"","meta":[],"product_brand":[],"product_cat":[15],"product_tag":[],"class_list":{"0":"post-612","1":"product","2":"type-product","3":"status-publish","4":"has-post-thumbnail","6":"product_cat-uncategorized","8":"first","9":"instock","10":"virtual","11":"taxable","12":"purchasable","13":"product-type-simple"},"_links":{"self":[{"href":"https:\/\/royalbeauty.hu\/en\/wp-json\/wp\/v2\/product\/612","targetHints":{"allow":["GET"]}}],"collection":[{"href":"https:\/\/royalbeauty.hu\/en\/wp-json\/wp\/v2\/product"}],"about":[{"href":"https:\/\/royalbeauty.hu\/en\/wp-json\/wp\/v2\/types\/product"}],"replies":[{"embeddable":true,"href":"https:\/\/royalbeauty.hu\/en\/wp-json\/wp\/v2\/comments?post=612"}],"wp:featuredmedia":[{"embeddable":true,"href":"https:\/\/royalbeauty.hu\/en\/wp-json\/wp\/v2\/media\/229"}],"wp:attachment":[{"href":"https:\/\/royalbeauty.hu\/en\/wp-json\/wp\/v2\/media?parent=612"}],"wp:term":[{"taxonomy":"product_brand","embeddable":true,"href":"https:\/\/royalbeauty.hu\/en\/wp-json\/wp\/v2\/product_brand?post=612"},{"taxonomy":"product_cat","embeddable":true,"href":"https:\/\/royalbeauty.hu\/en\/wp-json\/wp\/v2\/product_cat?post=612"},{"taxonomy":"product_tag","embeddable":true,"href":"https:\/\/royalbeauty.hu\/en\/wp-json\/wp\/v2\/product_tag?post=612"}],"curies":[{"name":"wp","href":"https:\/\/api.w.org\/{rel}","templated":true}]}}