{"id":611,"date":"2024-11-21T07:11:39","date_gmt":"2024-11-21T05:11:39","guid":{"rendered":"https:\/\/royalbeauty.hu\/?post_type=product&#038;p=611"},"modified":"2025-03-13T10:27:04","modified_gmt":"2025-03-13T09:27:04","slug":"tradicionalis-frissito-masszazs-60-perc-kenyeztetes-mindossze-11-900-ft-ert","status":"publish","type":"product","link":"https:\/\/royalbeauty.hu\/en\/product\/tradicionalis-frissito-masszazs-60-perc-kenyeztetes-mindossze-11-900-ft-ert\/","title":{"rendered":"Tradicion\u00e1lis Friss\u00edt\u0151 Massz\u00e1zs \u2013 60 perc k\u00e9nyeztet\u00e9s mind\u00f6ssze 11.900 Ft-\u00e9rt!"},"content":{"rendered":"","protected":false},"excerpt":{"rendered":"","protected":false},"featured_media":207,"comment_status":"closed","ping_status":"closed","template":"","meta":[],"product_brand":[],"product_cat":[15],"product_tag":[],"class_list":{"0":"post-611","1":"product","2":"type-product","3":"status-publish","4":"has-post-thumbnail","6":"product_cat-uncategorized","8":"first","9":"instock","10":"virtual","11":"taxable","12":"purchasable","13":"product-type-simple"},"_links":{"self":[{"href":"https:\/\/royalbeauty.hu\/en\/wp-json\/wp\/v2\/product\/611","targetHints":{"allow":["GET"]}}],"collection":[{"href":"https:\/\/royalbeauty.hu\/en\/wp-json\/wp\/v2\/product"}],"about":[{"href":"https:\/\/royalbeauty.hu\/en\/wp-json\/wp\/v2\/types\/product"}],"replies":[{"embeddable":true,"href":"https:\/\/royalbeauty.hu\/en\/wp-json\/wp\/v2\/comments?post=611"}],"wp:featuredmedia":[{"embeddable":true,"href":"https:\/\/royalbeauty.hu\/en\/wp-json\/wp\/v2\/media\/207"}],"wp:attachment":[{"href":"https:\/\/royalbeauty.hu\/en\/wp-json\/wp\/v2\/media?parent=611"}],"wp:term":[{"taxonomy":"product_brand","embeddable":true,"href":"https:\/\/royalbeauty.hu\/en\/wp-json\/wp\/v2\/product_brand?post=611"},{"taxonomy":"product_cat","embeddable":true,"href":"https:\/\/royalbeauty.hu\/en\/wp-json\/wp\/v2\/product_cat?post=611"},{"taxonomy":"product_tag","embeddable":true,"href":"https:\/\/royalbeauty.hu\/en\/wp-json\/wp\/v2\/product_tag?post=611"}],"curies":[{"name":"wp","href":"https:\/\/api.w.org\/{rel}","templated":true}]}}