{"id":541,"date":"2024-10-14T06:00:03","date_gmt":"2024-10-14T05:00:03","guid":{"rendered":"https:\/\/royalbeauty.hu\/?post_type=product&#038;p=541"},"modified":"2025-02-15T13:41:45","modified_gmt":"2025-02-15T12:41:45","slug":"dela","status":"publish","type":"product","link":"https:\/\/royalbeauty.hu\/en\/product\/dela\/","title":{"rendered":""},"content":{"rendered":"<p>Az illatjegyek diszkr\u00e9t kombin\u00e1ci\u00f3ja fiatals\u00e1got \u00e9s l\u00e1gys\u00e1got k\u00f6zvet\u00edt. Frissess\u00e9get \u00e9s tisztas\u00e1got \u00e1raszt.<\/p>\n<p>Illatjegyek \u2014<br \/>\nVir\u00e1gos, F\u00e1s<br \/>\nD\u00e9la egy emblematikus parf\u00fcm.Egy \u00e9rz\u00e9keny \u00e9s \u00e1rtatlan n\u0151nek.<br \/>\n<em>A fejillat, amit el\u0151sz\u00f6r \u00e9rz\u00fcnk.<\/em><br \/>\n<em>A sz\u00edvillat, ami a parf\u00fcm lelke.<\/em><br \/>\n<em>Az alapillat, ami a parf\u00fcm l\u00e9nyege.<\/em><\/p>\n<p>Fejillat<br \/>\nFr\u00e9zia<br \/>\nSz\u00edvillat<br \/>\nR\u00f3zsa<br \/>\nAlapillat<br \/>\nFa<\/p>","protected":false},"excerpt":{"rendered":"<p>Az illatjegyek diszkr\u00e9t kombin\u00e1ci\u00f3ja fiatals\u00e1got \u00e9s l\u00e1gys\u00e1got k\u00f6zvet\u00edt. Frissess\u00e9get \u00e9s tisztas\u00e1got \u00e1raszt. Illatjegyek \u2014 Vir\u00e1gos, F\u00e1s D\u00e9la egy emblematikus parf\u00fcm.Egy \u00e9rz\u00e9keny \u00e9s \u00e1rtatlan n\u0151nek. A fejillat, amit el\u0151sz\u00f6r \u00e9rz\u00fcnk. A sz\u00edvillat, ami a parf\u00fcm lelke. Az alapillat, ami a parf\u00fcm l\u00e9nyege. Fejillat Fr\u00e9zia Sz\u00edvillat R\u00f3zsa Alapillat Fa<\/p>","protected":false},"featured_media":542,"comment_status":"open","ping_status":"closed","template":"","meta":[],"product_brand":[],"product_cat":[33,31,36],"product_tag":[],"class_list":{"0":"post-541","1":"product","2":"type-product","3":"status-publish","4":"has-post-thumbnail","6":"product_cat-noi","7":"product_cat-parfumok","8":"product_cat-termekek","10":"first","11":"instock","12":"taxable","13":"shipping-taxable","14":"product-type-variable"},"_links":{"self":[{"href":"https:\/\/royalbeauty.hu\/en\/wp-json\/wp\/v2\/product\/541","targetHints":{"allow":["GET"]}}],"collection":[{"href":"https:\/\/royalbeauty.hu\/en\/wp-json\/wp\/v2\/product"}],"about":[{"href":"https:\/\/royalbeauty.hu\/en\/wp-json\/wp\/v2\/types\/product"}],"replies":[{"embeddable":true,"href":"https:\/\/royalbeauty.hu\/en\/wp-json\/wp\/v2\/comments?post=541"}],"wp:featuredmedia":[{"embeddable":true,"href":"https:\/\/royalbeauty.hu\/en\/wp-json\/wp\/v2\/media\/542"}],"wp:attachment":[{"href":"https:\/\/royalbeauty.hu\/en\/wp-json\/wp\/v2\/media?parent=541"}],"wp:term":[{"taxonomy":"product_brand","embeddable":true,"href":"https:\/\/royalbeauty.hu\/en\/wp-json\/wp\/v2\/product_brand?post=541"},{"taxonomy":"product_cat","embeddable":true,"href":"https:\/\/royalbeauty.hu\/en\/wp-json\/wp\/v2\/product_cat?post=541"},{"taxonomy":"product_tag","embeddable":true,"href":"https:\/\/royalbeauty.hu\/en\/wp-json\/wp\/v2\/product_tag?post=541"}],"curies":[{"name":"wp","href":"https:\/\/api.w.org\/{rel}","templated":true}]}}