{"id":521,"date":"2024-10-14T06:51:56","date_gmt":"2024-10-14T04:51:56","guid":{"rendered":"https:\/\/royalbeauty.hu\/?post_type=product&#038;p=521"},"modified":"2024-10-14T06:51:56","modified_gmt":"2024-10-14T04:51:56","slug":"black-elixir","status":"publish","type":"product","link":"https:\/\/royalbeauty.hu\/en\/product\/black-elixir\/","title":{"rendered":"Black elixir"},"content":{"rendered":"<p>Az intenz\u00edv arom\u00e1ja a k\u00e1v\u00e9nak \u00e9s az \u00e9des kever\u00e9ke a lik\u00f6rnek \u00e9s a vanilli\u00e1nak k\u00e9pez egy misztikus \u00e9s \u00e9rz\u00e9ki parf\u00fcm\u00f6t.<\/p>\n<p>Illatjegyek \u2014<br \/>\nOriental Woody Fruity<br \/>\nEgy mag\u00e1val ragad\u00f3 parf\u00fcm azoknak a h\u00f6lgyeknek amelyek nagy vonzer\u00f6vel rendelkeznek.<br \/>\n<em>A fejillat, amit elosz\u00f6r \u00e9rz\u00fcnk.<\/em><br \/>\n<em>A sz\u00edvillat, ami a parf\u00fcm lelke.<\/em><br \/>\n<em>Az alapillat, ami a parf\u00fcm l\u00e9nyege.<\/em><\/p>\n<p>Fejillat<br \/>\nK\u00e1v\u00e9<br \/>\nSz\u00edvillat<br \/>\nLik\u0151r<br \/>\nAlapillat<br \/>\nVan\u00edlia<\/p>","protected":false},"excerpt":{"rendered":"<p>Az intenz\u00edv arom\u00e1ja a k\u00e1v\u00e9nak \u00e9s az \u00e9des kever\u00e9ke a lik\u00f6rnek \u00e9s a vanilli\u00e1nak k\u00e9pez egy misztikus \u00e9s \u00e9rz\u00e9ki parf\u00fcm\u00f6t. Illatjegyek \u2014 Oriental Woody Fruity Egy mag\u00e1val ragad\u00f3 parf\u00fcm azoknak a h\u00f6lgyeknek amelyek nagy vonzer\u00f6vel rendelkeznek. A fejillat, amit elosz\u00f6r \u00e9rz\u00fcnk. A sz\u00edvillat, ami a parf\u00fcm lelke. Az alapillat, ami a parf\u00fcm l\u00e9nyege. Fejillat K\u00e1v\u00e9 &#8230; <a title=\"Black elixir\" class=\"read-more\" href=\"https:\/\/royalbeauty.hu\/en\/product\/black-elixir\/\" aria-label=\"Read more about Black elixir\">Read more<\/a><\/p>","protected":false},"featured_media":522,"comment_status":"open","ping_status":"closed","template":"","meta":[],"product_brand":[],"product_cat":[33,31,36],"product_tag":[],"class_list":{"0":"post-521","1":"product","2":"type-product","3":"status-publish","4":"has-post-thumbnail","6":"product_cat-noi","7":"product_cat-parfumok","8":"product_cat-termekek","10":"first","11":"instock","12":"taxable","13":"shipping-taxable","14":"product-type-variable"},"_links":{"self":[{"href":"https:\/\/royalbeauty.hu\/en\/wp-json\/wp\/v2\/product\/521","targetHints":{"allow":["GET"]}}],"collection":[{"href":"https:\/\/royalbeauty.hu\/en\/wp-json\/wp\/v2\/product"}],"about":[{"href":"https:\/\/royalbeauty.hu\/en\/wp-json\/wp\/v2\/types\/product"}],"replies":[{"embeddable":true,"href":"https:\/\/royalbeauty.hu\/en\/wp-json\/wp\/v2\/comments?post=521"}],"wp:featuredmedia":[{"embeddable":true,"href":"https:\/\/royalbeauty.hu\/en\/wp-json\/wp\/v2\/media\/522"}],"wp:attachment":[{"href":"https:\/\/royalbeauty.hu\/en\/wp-json\/wp\/v2\/media?parent=521"}],"wp:term":[{"taxonomy":"product_brand","embeddable":true,"href":"https:\/\/royalbeauty.hu\/en\/wp-json\/wp\/v2\/product_brand?post=521"},{"taxonomy":"product_cat","embeddable":true,"href":"https:\/\/royalbeauty.hu\/en\/wp-json\/wp\/v2\/product_cat?post=521"},{"taxonomy":"product_tag","embeddable":true,"href":"https:\/\/royalbeauty.hu\/en\/wp-json\/wp\/v2\/product_tag?post=521"}],"curies":[{"name":"wp","href":"https:\/\/api.w.org\/{rel}","templated":true}]}}