{"id":514,"date":"2024-10-14T06:49:55","date_gmt":"2024-10-14T04:49:55","guid":{"rendered":"https:\/\/royalbeauty.hu\/?post_type=product&#038;p=514"},"modified":"2024-10-14T06:49:55","modified_gmt":"2024-10-14T04:49:55","slug":"l-eau-berlue","status":"publish","type":"product","link":"https:\/\/royalbeauty.hu\/en\/product\/l-eau-berlue\/","title":{"rendered":"L eau berlue"},"content":{"rendered":"<p>A gyeng\u00e9d citrusos \u00e9rint\u00e9s \u00e9s a vir\u00e1gok alkotta parf\u00fcm egy t\u00f6r\u00e9keny szenzaci\u00f3t \u00e9s a gyeng\u00e9d fiatals\u00e1got ind\u00e9zi meg.<\/p>\n<p>Illatjegyek \u2014<br \/>\nFloral Aldehydic<br \/>\nEgy \u00e9l\u00e9nk parf\u00fcm modern h\u00f6lgyek sz\u00e1m\u00e1ra<br \/>\n<em>A fejillat, amit el\u0151sz\u00f6r \u00e9rz\u00fcnk.<\/em><br \/>\n<em>A sz\u00edvillat, ami a parf\u00fcm lelke.<\/em><br \/>\n<em>Az alapillat, ami a parf\u00fcm l\u00e9nyege.<\/em><\/p>\n<p>Fejillat<br \/>\nCitrom<br \/>\nSz\u00edvillat<br \/>\nYlang Ylang<br \/>\nAlapillat<br \/>\n\u00cdrisz<\/p>","protected":false},"excerpt":{"rendered":"<p>A gyeng\u00e9d citrusos \u00e9rint\u00e9s \u00e9s a vir\u00e1gok alkotta parf\u00fcm egy t\u00f6r\u00e9keny szenzaci\u00f3t \u00e9s a gyeng\u00e9d fiatals\u00e1got ind\u00e9zi meg. Illatjegyek \u2014 Floral Aldehydic Egy \u00e9l\u00e9nk parf\u00fcm modern h\u00f6lgyek sz\u00e1m\u00e1ra A fejillat, amit el\u0151sz\u00f6r \u00e9rz\u00fcnk. A sz\u00edvillat, ami a parf\u00fcm lelke. Az alapillat, ami a parf\u00fcm l\u00e9nyege. Fejillat Citrom Sz\u00edvillat Ylang Ylang Alapillat \u00cdrisz<\/p>","protected":false},"featured_media":515,"comment_status":"open","ping_status":"closed","template":"","meta":[],"product_brand":[],"product_cat":[33,31,36],"product_tag":[],"class_list":{"0":"post-514","1":"product","2":"type-product","3":"status-publish","4":"has-post-thumbnail","6":"product_cat-noi","7":"product_cat-parfumok","8":"product_cat-termekek","10":"first","11":"instock","12":"taxable","13":"shipping-taxable","14":"product-type-variable"},"_links":{"self":[{"href":"https:\/\/royalbeauty.hu\/en\/wp-json\/wp\/v2\/product\/514","targetHints":{"allow":["GET"]}}],"collection":[{"href":"https:\/\/royalbeauty.hu\/en\/wp-json\/wp\/v2\/product"}],"about":[{"href":"https:\/\/royalbeauty.hu\/en\/wp-json\/wp\/v2\/types\/product"}],"replies":[{"embeddable":true,"href":"https:\/\/royalbeauty.hu\/en\/wp-json\/wp\/v2\/comments?post=514"}],"wp:featuredmedia":[{"embeddable":true,"href":"https:\/\/royalbeauty.hu\/en\/wp-json\/wp\/v2\/media\/515"}],"wp:attachment":[{"href":"https:\/\/royalbeauty.hu\/en\/wp-json\/wp\/v2\/media?parent=514"}],"wp:term":[{"taxonomy":"product_brand","embeddable":true,"href":"https:\/\/royalbeauty.hu\/en\/wp-json\/wp\/v2\/product_brand?post=514"},{"taxonomy":"product_cat","embeddable":true,"href":"https:\/\/royalbeauty.hu\/en\/wp-json\/wp\/v2\/product_cat?post=514"},{"taxonomy":"product_tag","embeddable":true,"href":"https:\/\/royalbeauty.hu\/en\/wp-json\/wp\/v2\/product_tag?post=514"}],"curies":[{"name":"wp","href":"https:\/\/api.w.org\/{rel}","templated":true}]}}