{"id":509,"date":"2024-10-14T06:47:28","date_gmt":"2024-10-14T04:47:28","guid":{"rendered":"https:\/\/royalbeauty.hu\/?post_type=product&#038;p=509"},"modified":"2024-10-14T06:47:28","modified_gmt":"2024-10-14T04:47:28","slug":"berlue","status":"publish","type":"product","link":"https:\/\/royalbeauty.hu\/en\/product\/berlue\/","title":{"rendered":"Berlue"},"content":{"rendered":"<p>Ennek a parf\u00fcmnek a vir\u00e1gos kombin\u00e1ci\u00f3ja a van\u00edlia illatjeggyel egy\u00fctt egy felejthetetlen illatot hoz l\u00e9tre. Egyedi illata sz\u00e1mtalan \u00e9rz\u00e9st \u00e9breszt.<br \/>\nIllatjegyek \u2014<br \/>\nVir\u00e1gos, Aldehid<br \/>\n<strong>Berlue<\/strong> egy id\u0151tlen parf\u00fcm. Egy klasszikus st\u00edlus\u00fa de eleg\u00e1ns n\u0151nek.<br \/>\n<em>A fejillat, amit el\u0151sz\u00f6r \u00e9rz\u00fcnk.<\/em><br \/>\n<em>A sz\u00edvillat, ami a parf\u00fcm lelke.<\/em><br \/>\n<em>Az alapillat, ami a parf\u00fcm l\u00e9nyege.<\/em><\/p>\n<p>Fejillat<br \/>\nNeroli olaj<br \/>\nSz\u00edvillat<br \/>\nR\u00f3zsa<br \/>\nAlapillat<br \/>\nVan\u00edlia<\/p>","protected":false},"excerpt":{"rendered":"<p>Ennek a parf\u00fcmnek a vir\u00e1gos kombin\u00e1ci\u00f3ja a van\u00edlia illatjeggyel egy\u00fctt egy felejthetetlen illatot hoz l\u00e9tre. Egyedi illata sz\u00e1mtalan \u00e9rz\u00e9st \u00e9breszt. Illatjegyek \u2014 Vir\u00e1gos, Aldehid Berlue egy id\u0151tlen parf\u00fcm. Egy klasszikus st\u00edlus\u00fa de eleg\u00e1ns n\u0151nek. A fejillat, amit el\u0151sz\u00f6r \u00e9rz\u00fcnk. A sz\u00edvillat, ami a parf\u00fcm lelke. Az alapillat, ami a parf\u00fcm l\u00e9nyege. Fejillat Neroli olaj Sz\u00edvillat &#8230; <a title=\"Berlue\" class=\"read-more\" href=\"https:\/\/royalbeauty.hu\/en\/product\/berlue\/\" aria-label=\"Read more about Berlue\">Read more<\/a><\/p>","protected":false},"featured_media":510,"comment_status":"open","ping_status":"closed","template":"","meta":[],"product_brand":[],"product_cat":[33,31,36],"product_tag":[],"class_list":{"0":"post-509","1":"product","2":"type-product","3":"status-publish","4":"has-post-thumbnail","6":"product_cat-noi","7":"product_cat-parfumok","8":"product_cat-termekek","10":"first","11":"instock","12":"taxable","13":"shipping-taxable","14":"product-type-variable"},"_links":{"self":[{"href":"https:\/\/royalbeauty.hu\/en\/wp-json\/wp\/v2\/product\/509","targetHints":{"allow":["GET"]}}],"collection":[{"href":"https:\/\/royalbeauty.hu\/en\/wp-json\/wp\/v2\/product"}],"about":[{"href":"https:\/\/royalbeauty.hu\/en\/wp-json\/wp\/v2\/types\/product"}],"replies":[{"embeddable":true,"href":"https:\/\/royalbeauty.hu\/en\/wp-json\/wp\/v2\/comments?post=509"}],"wp:featuredmedia":[{"embeddable":true,"href":"https:\/\/royalbeauty.hu\/en\/wp-json\/wp\/v2\/media\/510"}],"wp:attachment":[{"href":"https:\/\/royalbeauty.hu\/en\/wp-json\/wp\/v2\/media?parent=509"}],"wp:term":[{"taxonomy":"product_brand","embeddable":true,"href":"https:\/\/royalbeauty.hu\/en\/wp-json\/wp\/v2\/product_brand?post=509"},{"taxonomy":"product_cat","embeddable":true,"href":"https:\/\/royalbeauty.hu\/en\/wp-json\/wp\/v2\/product_cat?post=509"},{"taxonomy":"product_tag","embeddable":true,"href":"https:\/\/royalbeauty.hu\/en\/wp-json\/wp\/v2\/product_tag?post=509"}],"curies":[{"name":"wp","href":"https:\/\/api.w.org\/{rel}","templated":true}]}}