{"id":502,"date":"2024-10-14T06:39:52","date_gmt":"2024-10-14T04:39:52","guid":{"rendered":"https:\/\/royalbeauty.hu\/?post_type=product&#038;p=502"},"modified":"2024-10-14T06:42:30","modified_gmt":"2024-10-14T04:42:30","slug":"adriana-rose","status":"publish","type":"product","link":"https:\/\/royalbeauty.hu\/en\/product\/adriana-rose\/","title":{"rendered":"Adriana Rose"},"content":{"rendered":"<p>A bergamottk\u00f6rte frisses\u00e9ge \u00e9s a r\u00f3zsa eleganci\u00e1ja adja meg a vanillia alapot ennek a parf\u00fcmnek egy \u00f6r\u00f6kz\u00f6ld \u00e9s modern \u00e1rnyalatot adva.<\/p>\n<p>Illatjegyek \u2014<\/p>\n<p>Chypre Fruity<br \/>\nEgy eleg\u00e1ns parf\u00fcm azoknak a h\u00f6lgyeknek akik elen\u00e1llhatatlanul n\u00f6iesek.<br \/>\nA fejillat, amit el\u0151sz\u00f6r \u00e9rz\u00fcnk.<br \/>\nA sz\u00edvillat, ami a parf\u00fcm lelke.<br \/>\nAz alapillat, ami a parf\u00fcm l\u00e9nyege.<\/p>\n<p>Fejillat<br \/>\nBergamott<br \/>\nSz\u00edvillat<br \/>\nR\u00f3zsa<br \/>\nAlapillat<br \/>\nVan\u00edlia<\/p>\n<p>&nbsp;<\/p>","protected":false},"excerpt":{"rendered":"<p>A bergamottk\u00f6rte frisses\u00e9ge \u00e9s a r\u00f3zsa eleganci\u00e1ja adja meg a vanillia alapot ennek a parf\u00fcmnek egy \u00f6r\u00f6kz\u00f6ld \u00e9s modern \u00e1rnyalatot adva. Illatjegyek \u2014 Chypre Fruity Egy eleg\u00e1ns parf\u00fcm azoknak a h\u00f6lgyeknek akik elen\u00e1llhatatlanul n\u00f6iesek. A fejillat, amit el\u0151sz\u00f6r \u00e9rz\u00fcnk. A sz\u00edvillat, ami a parf\u00fcm lelke. Az alapillat, ami a parf\u00fcm l\u00e9nyege. Fejillat Bergamott Sz\u00edvillat R\u00f3zsa &#8230; <a title=\"Adriana Rose\" class=\"read-more\" href=\"https:\/\/royalbeauty.hu\/en\/product\/adriana-rose\/\" aria-label=\"Read more about Adriana Rose\">Read more<\/a><\/p>","protected":false},"featured_media":0,"comment_status":"open","ping_status":"closed","template":"","meta":[],"product_brand":[],"product_cat":[15],"product_tag":[],"class_list":{"0":"post-502","1":"product","2":"type-product","3":"status-publish","5":"product_cat-uncategorized","7":"first","8":"instock","9":"taxable","10":"shipping-taxable","11":"purchasable","12":"product-type-variable"},"_links":{"self":[{"href":"https:\/\/royalbeauty.hu\/en\/wp-json\/wp\/v2\/product\/502","targetHints":{"allow":["GET"]}}],"collection":[{"href":"https:\/\/royalbeauty.hu\/en\/wp-json\/wp\/v2\/product"}],"about":[{"href":"https:\/\/royalbeauty.hu\/en\/wp-json\/wp\/v2\/types\/product"}],"replies":[{"embeddable":true,"href":"https:\/\/royalbeauty.hu\/en\/wp-json\/wp\/v2\/comments?post=502"}],"wp:attachment":[{"href":"https:\/\/royalbeauty.hu\/en\/wp-json\/wp\/v2\/media?parent=502"}],"wp:term":[{"taxonomy":"product_brand","embeddable":true,"href":"https:\/\/royalbeauty.hu\/en\/wp-json\/wp\/v2\/product_brand?post=502"},{"taxonomy":"product_cat","embeddable":true,"href":"https:\/\/royalbeauty.hu\/en\/wp-json\/wp\/v2\/product_cat?post=502"},{"taxonomy":"product_tag","embeddable":true,"href":"https:\/\/royalbeauty.hu\/en\/wp-json\/wp\/v2\/product_tag?post=502"}],"curies":[{"name":"wp","href":"https:\/\/api.w.org\/{rel}","templated":true}]}}