{"id":434,"date":"2024-10-10T23:12:45","date_gmt":"2024-10-10T21:12:45","guid":{"rendered":"https:\/\/royalbeauty.hu\/?post_type=product&#038;p=434"},"modified":"2025-02-15T02:08:50","modified_gmt":"2025-02-15T01:08:50","slug":"adriana","status":"publish","type":"product","link":"https:\/\/royalbeauty.hu\/en\/product\/adriana\/","title":{"rendered":"Adriana"},"content":{"rendered":"<p>A fekete ribiszke \u00e9des, karizmatikus illata \u00e9s a van\u00edlia hat\u00e1rozott jellege, saj\u00e1t szem\u00e9lyis\u00e9get ad a parf\u00fcmnek m\u00e1r az els\u0151 pillanatt\u00f3l kezdve.<\/p>\n<p>Illatjegyek \u2014<br \/>\nCiprusos &#8211; Gy\u00fcm\u00f6lcs\u00f6sL<br \/>\nEz az aroma tiszteletad\u00e1s a kifinomult, szabad \u00e9s f\u00fcggetlen h\u00f6lgyeknek<br \/>\nFejillat:Fekete Ribiszke, R\u00f3zsa \u00e9s Fr\u00e9zia.<br \/>\nSz\u00edvillat: Van\u00edlia \u00e9s \u00c1mbra.<br \/>\nAlapillat: Fa \u00e9s Patchuli n\u00f6v\u00e9ny.<br \/>\nGrosella negra<br \/>\nFejillat<br \/>\nFekete Ribiszke<br \/>\nVainilla<br \/>\nSz\u00edvillat<br \/>\nVan\u00edlia<br \/>\nMadera<br \/>\nAlapillat<br \/>\nFa<br \/>\nFejillat<br \/>\nFekete ribiszke<br \/>\nSz\u00edvillat<br \/>\nBarack<br \/>\nAlapillat<br \/>\nVan\u00edlia<\/p>","protected":false},"excerpt":{"rendered":"<p>A fekete ribiszke \u00e9des, karizmatikus illata \u00e9s a van\u00edlia hat\u00e1rozott jellege, saj\u00e1t szem\u00e9lyis\u00e9get ad a parf\u00fcmnek m\u00e1r az els\u0151 pillanatt\u00f3l kezdve. Illatjegyek \u2014 Ciprusos &#8211; Gy\u00fcm\u00f6lcs\u00f6sL Ez az aroma tiszteletad\u00e1s a kifinomult, szabad \u00e9s f\u00fcggetlen h\u00f6lgyeknek Fejillat:Fekete Ribiszke, R\u00f3zsa \u00e9s Fr\u00e9zia. Sz\u00edvillat: Van\u00edlia \u00e9s \u00c1mbra. Alapillat: Fa \u00e9s Patchuli n\u00f6v\u00e9ny. Grosella negra Fejillat Fekete Ribiszke &#8230; <a title=\"Adriana\" class=\"read-more\" href=\"https:\/\/royalbeauty.hu\/en\/product\/adriana\/\" aria-label=\"Read more about Adriana\">Read more<\/a><\/p>","protected":false},"featured_media":435,"comment_status":"open","ping_status":"closed","template":"","meta":[],"product_brand":[],"product_cat":[33,31,36],"product_tag":[],"class_list":{"0":"post-434","1":"product","2":"type-product","3":"status-publish","4":"has-post-thumbnail","6":"product_cat-noi","7":"product_cat-parfumok","8":"product_cat-termekek","10":"first","11":"instock","12":"taxable","13":"shipping-taxable","14":"product-type-variable"},"_links":{"self":[{"href":"https:\/\/royalbeauty.hu\/en\/wp-json\/wp\/v2\/product\/434","targetHints":{"allow":["GET"]}}],"collection":[{"href":"https:\/\/royalbeauty.hu\/en\/wp-json\/wp\/v2\/product"}],"about":[{"href":"https:\/\/royalbeauty.hu\/en\/wp-json\/wp\/v2\/types\/product"}],"replies":[{"embeddable":true,"href":"https:\/\/royalbeauty.hu\/en\/wp-json\/wp\/v2\/comments?post=434"}],"wp:featuredmedia":[{"embeddable":true,"href":"https:\/\/royalbeauty.hu\/en\/wp-json\/wp\/v2\/media\/435"}],"wp:attachment":[{"href":"https:\/\/royalbeauty.hu\/en\/wp-json\/wp\/v2\/media?parent=434"}],"wp:term":[{"taxonomy":"product_brand","embeddable":true,"href":"https:\/\/royalbeauty.hu\/en\/wp-json\/wp\/v2\/product_brand?post=434"},{"taxonomy":"product_cat","embeddable":true,"href":"https:\/\/royalbeauty.hu\/en\/wp-json\/wp\/v2\/product_cat?post=434"},{"taxonomy":"product_tag","embeddable":true,"href":"https:\/\/royalbeauty.hu\/en\/wp-json\/wp\/v2\/product_tag?post=434"}],"curies":[{"name":"wp","href":"https:\/\/api.w.org\/{rel}","templated":true}]}}