{"id":427,"date":"2024-10-10T23:10:35","date_gmt":"2024-10-10T21:10:35","guid":{"rendered":"https:\/\/royalbeauty.hu\/?post_type=product&#038;p=427"},"modified":"2024-10-14T06:36:54","modified_gmt":"2024-10-14T04:36:54","slug":"active-man","status":"publish","type":"product","link":"https:\/\/royalbeauty.hu\/en\/product\/active-man\/","title":{"rendered":"Active man"},"content":{"rendered":"<p>Az eleg\u00e1ns erdei gy\u00fcm\u00f6lcs illatjegye, meglepik \u00e9s illatvil\u00e1ga elvar\u00e1zsolja majd.<\/p>\n<p>Illatjegyek \u2014<br \/>\nChypre &#8211; Fresh<br \/>\nActive Man: Kalandor \u00e9s optimista f\u00e9rfiaknak.<br \/>\nA fejillat, amit el\u0151sz\u00f6r \u00e9rz\u00fcnk.<br \/>\nA sz\u00edvillat, ami a parf\u00fcm lelke.<br \/>\nAz alapillat, ami a parf\u00fcm l\u00e9nyege.<br \/>\nFejillat<br \/>\nAnan\u00e1sz<br \/>\nSz\u00edvillat<br \/>\nPatchouli n\u00f6v\u00e9ny<br \/>\nAlapillat<br \/>\nT\u00f6lgymoha<\/p>","protected":false},"excerpt":{"rendered":"<p>Az eleg\u00e1ns erdei gy\u00fcm\u00f6lcs illatjegye, meglepik \u00e9s illatvil\u00e1ga elvar\u00e1zsolja majd. Illatjegyek \u2014 Chypre &#8211; Fresh Active Man: Kalandor \u00e9s optimista f\u00e9rfiaknak. A fejillat, amit el\u0151sz\u00f6r \u00e9rz\u00fcnk. A sz\u00edvillat, ami a parf\u00fcm lelke. Az alapillat, ami a parf\u00fcm l\u00e9nyege. Fejillat Anan\u00e1sz Sz\u00edvillat Patchouli n\u00f6v\u00e9ny Alapillat T\u00f6lgymoha<\/p>","protected":false},"featured_media":432,"comment_status":"open","ping_status":"closed","template":"","meta":[],"product_brand":[],"product_cat":[32,31,36],"product_tag":[],"class_list":{"0":"post-427","1":"product","2":"type-product","3":"status-publish","4":"has-post-thumbnail","6":"product_cat-ferfi","7":"product_cat-parfumok","8":"product_cat-termekek","10":"first","11":"instock","12":"taxable","13":"shipping-taxable","14":"product-type-variable"},"_links":{"self":[{"href":"https:\/\/royalbeauty.hu\/en\/wp-json\/wp\/v2\/product\/427","targetHints":{"allow":["GET"]}}],"collection":[{"href":"https:\/\/royalbeauty.hu\/en\/wp-json\/wp\/v2\/product"}],"about":[{"href":"https:\/\/royalbeauty.hu\/en\/wp-json\/wp\/v2\/types\/product"}],"replies":[{"embeddable":true,"href":"https:\/\/royalbeauty.hu\/en\/wp-json\/wp\/v2\/comments?post=427"}],"wp:featuredmedia":[{"embeddable":true,"href":"https:\/\/royalbeauty.hu\/en\/wp-json\/wp\/v2\/media\/432"}],"wp:attachment":[{"href":"https:\/\/royalbeauty.hu\/en\/wp-json\/wp\/v2\/media?parent=427"}],"wp:term":[{"taxonomy":"product_brand","embeddable":true,"href":"https:\/\/royalbeauty.hu\/en\/wp-json\/wp\/v2\/product_brand?post=427"},{"taxonomy":"product_cat","embeddable":true,"href":"https:\/\/royalbeauty.hu\/en\/wp-json\/wp\/v2\/product_cat?post=427"},{"taxonomy":"product_tag","embeddable":true,"href":"https:\/\/royalbeauty.hu\/en\/wp-json\/wp\/v2\/product_tag?post=427"}],"curies":[{"name":"wp","href":"https:\/\/api.w.org\/{rel}","templated":true}]}}