{"id":326,"date":"2024-10-10T09:25:22","date_gmt":"2024-10-10T07:25:22","guid":{"rendered":"https:\/\/royalbeauty.hu\/?post_type=product&#038;p=326"},"modified":"2024-10-10T23:20:22","modified_gmt":"2024-10-10T21:20:22","slug":"acqua-per-uomo","status":"publish","type":"product","link":"https:\/\/royalbeauty.hu\/en\/product\/acqua-per-uomo\/","title":{"rendered":"Acqua per uomo"},"content":{"rendered":"<p>La combinaci\u00f3n de las notas hesp\u00e9rides, con el cyclamen y la madera, dan un perfume evocador y con aroma de libertad.<\/p>\n<p>Illatjegyek<br \/>\nArom\u00e1tico &#8211; Acu\u00e1tico<\/p>\n<p>Acqua per Uomo es un perfume fresco para un hombre natural y moderno.<\/p>\n<p>Nota de salida, son las primeras que se aprecian en el perfume.<\/p>\n<p>Notas de coraz\u00f3n, son el alma del perfume.<\/p>\n<p>Notas de fondo, son las que dan la profundidad al perfume.<\/p>\n<p>Bergamota<\/p>\n<p>Nota de salida<\/p>\n<p>Bergamota<\/p>\n<p>Cyclamen<\/p>\n<p>Notas de coraz\u00f3n<\/p>\n<p>Cyclamen<\/p>\n<p>Madera<\/p>\n<p>Nota de fondo<\/p>\n<p>Madera<\/p>\n<p>Fejillat<\/p>\n<p>Bergamott<\/p>\n<p>Sz\u00edvillat<\/p>\n<p>Friss v\u00edzi illat<\/p>\n<p>Alapillat<\/p>\n<p>Fa<\/p>","protected":false},"excerpt":{"rendered":"<p>La combinaci\u00f3n de las notas hesp\u00e9rides, con el cyclamen y la madera, dan un perfume evocador y con aroma de libertad. Illatjegyek Arom\u00e1tico &#8211; Acu\u00e1tico Acqua per Uomo es un perfume fresco para un hombre natural y moderno. Nota de salida, son las primeras que se aprecian en el perfume. Notas de coraz\u00f3n, son el &#8230; <a title=\"Acqua per uomo\" class=\"read-more\" href=\"https:\/\/royalbeauty.hu\/en\/product\/acqua-per-uomo\/\" aria-label=\"Read more about Acqua per uomo\">Read more<\/a><\/p>","protected":false},"featured_media":327,"comment_status":"open","ping_status":"closed","template":"","meta":[],"product_brand":[],"product_cat":[32,31,36],"product_tag":[],"class_list":{"0":"post-326","1":"product","2":"type-product","3":"status-publish","4":"has-post-thumbnail","6":"product_cat-ferfi","7":"product_cat-parfumok","8":"product_cat-termekek","10":"first","11":"instock","12":"taxable","13":"shipping-taxable","14":"product-type-variable"},"_links":{"self":[{"href":"https:\/\/royalbeauty.hu\/en\/wp-json\/wp\/v2\/product\/326","targetHints":{"allow":["GET"]}}],"collection":[{"href":"https:\/\/royalbeauty.hu\/en\/wp-json\/wp\/v2\/product"}],"about":[{"href":"https:\/\/royalbeauty.hu\/en\/wp-json\/wp\/v2\/types\/product"}],"replies":[{"embeddable":true,"href":"https:\/\/royalbeauty.hu\/en\/wp-json\/wp\/v2\/comments?post=326"}],"wp:featuredmedia":[{"embeddable":true,"href":"https:\/\/royalbeauty.hu\/en\/wp-json\/wp\/v2\/media\/327"}],"wp:attachment":[{"href":"https:\/\/royalbeauty.hu\/en\/wp-json\/wp\/v2\/media?parent=326"}],"wp:term":[{"taxonomy":"product_brand","embeddable":true,"href":"https:\/\/royalbeauty.hu\/en\/wp-json\/wp\/v2\/product_brand?post=326"},{"taxonomy":"product_cat","embeddable":true,"href":"https:\/\/royalbeauty.hu\/en\/wp-json\/wp\/v2\/product_cat?post=326"},{"taxonomy":"product_tag","embeddable":true,"href":"https:\/\/royalbeauty.hu\/en\/wp-json\/wp\/v2\/product_tag?post=326"}],"curies":[{"name":"wp","href":"https:\/\/api.w.org\/{rel}","templated":true}]}}