{"id":1726,"date":"2026-02-09T13:33:16","date_gmt":"2026-02-09T12:33:16","guid":{"rendered":"https:\/\/royalbeauty.hu\/?post_type=product&#038;p=1726"},"modified":"2026-02-09T13:33:51","modified_gmt":"2026-02-09T12:33:51","slug":"tradicionalis-frissito-masszazs-valentin-napi-ajandek-utalvany-60-perces","status":"publish","type":"product","link":"https:\/\/royalbeauty.hu\/en\/product\/tradicionalis-frissito-masszazs-valentin-napi-ajandek-utalvany-60-perces\/","title":{"rendered":"Tradicion\u00e1lis friss\u00edt\u0151 massz\u00e1zs &#8211; Valentin napi aj\u00e1nd\u00e9k utalv\u00e1ny &#8211; 60 perces"},"content":{"rendered":"<p>Az aroma \u00e9s relax massz\u00e1zs t\u00f6k\u00e9letes v\u00e1laszt\u00e1s, ha teljes kikapcsol\u00f3d\u00e1sra v\u00e1gysz! A term\u00e9szetes aromater\u00e1pi\u00e1s olajok nemcsak nyugtatj\u00e1k az \u00e9rz\u00e9keidet, de seg\u00edtenek oldani a stresszt is. A l\u00e1gy zene \u00e9s a kellemes atmoszf\u00e9ra garant\u00e1lja a pihen\u00e9st, mik\u00f6zben a massz\u00e1zs finoman \u00e1tmozgatja az eg\u00e9sz testedet. Frissess\u00e9ggel \u00e9s meg\u00fajult energi\u00e1val t\u00e9rhetsz vissza a mindennapokba, r\u00e1ad\u00e1sul a massz\u00e1zs j\u00f3t\u00e9kony hat\u00e1sai hozz\u00e1j\u00e1rulnak a jobb<br \/>\n<strong>11.900Ft\/60perc<\/strong><\/p>","protected":false},"excerpt":{"rendered":"<p>Az aroma \u00e9s relax massz\u00e1zs t\u00f6k\u00e9letes v\u00e1laszt\u00e1s, ha teljes kikapcsol\u00f3d\u00e1sra v\u00e1gysz! A term\u00e9szetes aromater\u00e1pi\u00e1s olajok nemcsak nyugtatj\u00e1k az \u00e9rz\u00e9keidet, de seg\u00edtenek oldani a stresszt is. A l\u00e1gy zene \u00e9s a kellemes atmoszf\u00e9ra garant\u00e1lja a pihen\u00e9st, mik\u00f6zben a massz\u00e1zs finoman \u00e1tmozgatja az eg\u00e9sz testedet. Frissess\u00e9ggel \u00e9s meg\u00fajult energi\u00e1val t\u00e9rhetsz vissza a mindennapokba, r\u00e1ad\u00e1sul a massz\u00e1zs j\u00f3t\u00e9kony &#8230; <a title=\"Tradicion\u00e1lis friss\u00edt\u0151 massz\u00e1zs &#8211; Valentin napi aj\u00e1nd\u00e9k utalv\u00e1ny &#8211; 60 perces\" class=\"read-more\" href=\"https:\/\/royalbeauty.hu\/en\/product\/tradicionalis-frissito-masszazs-valentin-napi-ajandek-utalvany-60-perces\/\" aria-label=\"Read more about Tradicion\u00e1lis friss\u00edt\u0151 massz\u00e1zs &#8211; Valentin napi aj\u00e1nd\u00e9k utalv\u00e1ny &#8211; 60 perces\">Read more<\/a><\/p>","protected":false},"featured_media":206,"comment_status":"open","ping_status":"closed","template":"","meta":[],"product_brand":[],"product_cat":[41,46],"product_tag":[],"class_list":{"0":"post-1726","1":"product","2":"type-product","3":"status-publish","4":"has-post-thumbnail","6":"product_cat-masszazs","7":"product_cat-masszazs-berletek","9":"first","10":"instock","11":"taxable","12":"shipping-taxable","13":"purchasable","14":"product-type-simple"},"_links":{"self":[{"href":"https:\/\/royalbeauty.hu\/en\/wp-json\/wp\/v2\/product\/1726","targetHints":{"allow":["GET"]}}],"collection":[{"href":"https:\/\/royalbeauty.hu\/en\/wp-json\/wp\/v2\/product"}],"about":[{"href":"https:\/\/royalbeauty.hu\/en\/wp-json\/wp\/v2\/types\/product"}],"replies":[{"embeddable":true,"href":"https:\/\/royalbeauty.hu\/en\/wp-json\/wp\/v2\/comments?post=1726"}],"wp:featuredmedia":[{"embeddable":true,"href":"https:\/\/royalbeauty.hu\/en\/wp-json\/wp\/v2\/media\/206"}],"wp:attachment":[{"href":"https:\/\/royalbeauty.hu\/en\/wp-json\/wp\/v2\/media?parent=1726"}],"wp:term":[{"taxonomy":"product_brand","embeddable":true,"href":"https:\/\/royalbeauty.hu\/en\/wp-json\/wp\/v2\/product_brand?post=1726"},{"taxonomy":"product_cat","embeddable":true,"href":"https:\/\/royalbeauty.hu\/en\/wp-json\/wp\/v2\/product_cat?post=1726"},{"taxonomy":"product_tag","embeddable":true,"href":"https:\/\/royalbeauty.hu\/en\/wp-json\/wp\/v2\/product_tag?post=1726"}],"curies":[{"name":"wp","href":"https:\/\/api.w.org\/{rel}","templated":true}]}}