{"id":1721,"date":"2026-02-09T12:29:22","date_gmt":"2026-02-09T11:29:22","guid":{"rendered":"https:\/\/royalbeauty.hu\/?post_type=product&#038;p=1721"},"modified":"2026-02-09T13:28:43","modified_gmt":"2026-02-09T12:28:43","slug":"nyirokmasszazs-valentin-napi-ajandek-utalvany-60-perces","status":"publish","type":"product","link":"https:\/\/royalbeauty.hu\/en\/product\/nyirokmasszazs-valentin-napi-ajandek-utalvany-60-perces\/","title":{"rendered":"Nyirokmassz\u00e1zs  &#8211; Valentin napi aj\u00e1nd\u00e9k utalv\u00e1ny &#8211; 60 perces"},"content":{"rendered":"<h4 class=\"ue_unfold_title\">A nyirokmassz\u00e1zs egy fantasztikus m\u00f3dszer a m\u00e9regtelen\u00edt\u00e9sre \u00e9s a vitalit\u00e1s fokoz\u00e1s\u00e1ra! Ez a k\u00edm\u00e9letes technika serkenti a nyirokrendszert, seg\u00edt cs\u00f6kkenteni a duzzanatokat \u00e9s t\u00e1mogatja az immunrendszert. A massz\u00e1zs sor\u00e1n fell\u00e9p\u0151 finom, ritmikus mozdulatok nemcsak az izmok ellaz\u00edt\u00e1s\u00e1ban seg\u00edtenek, hanem a stressz cs\u00f6kkent\u00e9s\u00e9ben is.<\/h4>\n<div class=\"ue-txt\">\n<p><strong>9.900Ft\/60perc<\/strong><\/p>\n<\/div>","protected":false},"excerpt":{"rendered":"<p>A nyirokmassz\u00e1zs egy fantasztikus m\u00f3dszer a m\u00e9regtelen\u00edt\u00e9sre \u00e9s a vitalit\u00e1s fokoz\u00e1s\u00e1ra! Ez a k\u00edm\u00e9letes technika serkenti a nyirokrendszert, seg\u00edt cs\u00f6kkenteni a duzzanatokat \u00e9s t\u00e1mogatja az immunrendszert. A massz\u00e1zs sor\u00e1n fell\u00e9p\u0151 finom, ritmikus mozdulatok nemcsak az izmok ellaz\u00edt\u00e1s\u00e1ban seg\u00edtenek, hanem a stressz cs\u00f6kkent\u00e9s\u00e9ben is. 9.900Ft\/60perc<\/p>","protected":false},"featured_media":585,"comment_status":"open","ping_status":"closed","template":"","meta":[],"product_brand":[],"product_cat":[41,46],"product_tag":[],"class_list":{"0":"post-1721","1":"product","2":"type-product","3":"status-publish","4":"has-post-thumbnail","6":"product_cat-masszazs","7":"product_cat-masszazs-berletek","9":"first","10":"instock","11":"taxable","12":"shipping-taxable","13":"purchasable","14":"product-type-simple"},"_links":{"self":[{"href":"https:\/\/royalbeauty.hu\/en\/wp-json\/wp\/v2\/product\/1721","targetHints":{"allow":["GET"]}}],"collection":[{"href":"https:\/\/royalbeauty.hu\/en\/wp-json\/wp\/v2\/product"}],"about":[{"href":"https:\/\/royalbeauty.hu\/en\/wp-json\/wp\/v2\/types\/product"}],"replies":[{"embeddable":true,"href":"https:\/\/royalbeauty.hu\/en\/wp-json\/wp\/v2\/comments?post=1721"}],"wp:featuredmedia":[{"embeddable":true,"href":"https:\/\/royalbeauty.hu\/en\/wp-json\/wp\/v2\/media\/585"}],"wp:attachment":[{"href":"https:\/\/royalbeauty.hu\/en\/wp-json\/wp\/v2\/media?parent=1721"}],"wp:term":[{"taxonomy":"product_brand","embeddable":true,"href":"https:\/\/royalbeauty.hu\/en\/wp-json\/wp\/v2\/product_brand?post=1721"},{"taxonomy":"product_cat","embeddable":true,"href":"https:\/\/royalbeauty.hu\/en\/wp-json\/wp\/v2\/product_cat?post=1721"},{"taxonomy":"product_tag","embeddable":true,"href":"https:\/\/royalbeauty.hu\/en\/wp-json\/wp\/v2\/product_tag?post=1721"}],"curies":[{"name":"wp","href":"https:\/\/api.w.org\/{rel}","templated":true}]}}