{"id":1719,"date":"2026-02-09T11:12:36","date_gmt":"2026-02-09T10:12:36","guid":{"rendered":"https:\/\/royalbeauty.hu\/?post_type=product&#038;p=1719"},"modified":"2026-02-09T11:15:25","modified_gmt":"2026-02-09T10:15:25","slug":"sved-masszazs-2","status":"publish","type":"product","link":"https:\/\/royalbeauty.hu\/en\/product\/sved-masszazs-2\/","title":{"rendered":"Sv\u00e9d massz\u00e1zs &#8211; Valentin napi aj\u00e1nd\u00e9k utalv\u00e1ny &#8211; 60 perces"},"content":{"rendered":"<h4 class=\"ue_unfold_title\"><span style=\"font-size: inherit\">A sv\u00e9dmassz\u00e1zs a klasszikus massz\u00e1zsform\u00e1k egyike, amely m\u00e9lyen ellaz\u00edtja az izmokat \u00e9s serkenti a v\u00e9rkering\u00e9st. Az er\u0151teljes sim\u00edt\u00e1sok \u00e9s gy\u00far\u00e1sok nemcsak a fesz\u00fclts\u00e9get oldj\u00e1k, hanem a stresszt is cs\u00f6kkentik. Ez a kezel\u00e9s jav\u00edtja a testtart\u00e1st \u00e9s el\u0151seg\u00edti a regener\u00e1ci\u00f3t, \u00edgy friss \u00e9s energikus leszel a massz\u00e1zs ut\u00e1n.<\/span><\/h4>\n<div class=\"ue-txt\">\n<p><strong style=\"font-size: inherit\"><span style=\"text-decoration: line-through\">13.900 Ft<\/span> helyett 6950 Ft \/ 60 perc<\/strong><\/p>\n<\/div>","protected":false},"excerpt":{"rendered":"<p>A sv\u00e9dmassz\u00e1zs a klasszikus massz\u00e1zsform\u00e1k egyike, amely m\u00e9lyen ellaz\u00edtja az izmokat \u00e9s serkenti a v\u00e9rkering\u00e9st. Az er\u0151teljes sim\u00edt\u00e1sok \u00e9s gy\u00far\u00e1sok nemcsak a fesz\u00fclts\u00e9get oldj\u00e1k, hanem a stresszt is cs\u00f6kkentik. Ez a kezel\u00e9s jav\u00edtja a testtart\u00e1st \u00e9s el\u0151seg\u00edti a regener\u00e1ci\u00f3t, \u00edgy friss \u00e9s energikus leszel a massz\u00e1zs ut\u00e1n. 13.900 Ft helyett 6950 Ft \/ 60 perc<\/p>","protected":false},"featured_media":229,"comment_status":"open","ping_status":"closed","template":"","meta":[],"product_brand":[],"product_cat":[41,46],"product_tag":[],"class_list":{"0":"post-1719","1":"product","2":"type-product","3":"status-publish","4":"has-post-thumbnail","6":"product_cat-masszazs","7":"product_cat-masszazs-berletek","9":"first","10":"instock","11":"taxable","12":"shipping-taxable","13":"purchasable","14":"product-type-simple"},"_links":{"self":[{"href":"https:\/\/royalbeauty.hu\/en\/wp-json\/wp\/v2\/product\/1719","targetHints":{"allow":["GET"]}}],"collection":[{"href":"https:\/\/royalbeauty.hu\/en\/wp-json\/wp\/v2\/product"}],"about":[{"href":"https:\/\/royalbeauty.hu\/en\/wp-json\/wp\/v2\/types\/product"}],"replies":[{"embeddable":true,"href":"https:\/\/royalbeauty.hu\/en\/wp-json\/wp\/v2\/comments?post=1719"}],"wp:featuredmedia":[{"embeddable":true,"href":"https:\/\/royalbeauty.hu\/en\/wp-json\/wp\/v2\/media\/229"}],"wp:attachment":[{"href":"https:\/\/royalbeauty.hu\/en\/wp-json\/wp\/v2\/media?parent=1719"}],"wp:term":[{"taxonomy":"product_brand","embeddable":true,"href":"https:\/\/royalbeauty.hu\/en\/wp-json\/wp\/v2\/product_brand?post=1719"},{"taxonomy":"product_cat","embeddable":true,"href":"https:\/\/royalbeauty.hu\/en\/wp-json\/wp\/v2\/product_cat?post=1719"},{"taxonomy":"product_tag","embeddable":true,"href":"https:\/\/royalbeauty.hu\/en\/wp-json\/wp\/v2\/product_tag?post=1719"}],"curies":[{"name":"wp","href":"https:\/\/api.w.org\/{rel}","templated":true}]}}