{"id":1347,"date":"2025-03-14T12:33:03","date_gmt":"2025-03-14T11:33:03","guid":{"rendered":"https:\/\/royalbeauty.hu\/?post_type=product&#038;p=1347"},"modified":"2025-11-27T12:56:31","modified_gmt":"2025-11-27T11:56:31","slug":"51-alkalmas-arcmasszazs-berlet","status":"publish","type":"product","link":"https:\/\/royalbeauty.hu\/en\/product\/51-alkalmas-arcmasszazs-berlet\/","title":{"rendered":"4+1 alkalmas arcmassz\u00e1zs b\u00e9rlet"},"content":{"rendered":"<p>Az arcmassz\u00e1zs nemcsak a b\u0151r\u00f6d friss\u00edti fel, hanem hozz\u00e1j\u00e1rul a r\u00e1ncok kisim\u00edt\u00e1s\u00e1hoz \u00e9s az arcb\u0151r rugalmass\u00e1g\u00e1nak meg\u0151rz\u00e9s\u00e9hez is. Emellett a massz\u00e1zs seg\u00edt megnyugtatni az elm\u00e9t, \u00edgy testileg \u00e9s lelkileg is felfriss\u00fclhetsz. T\u00f6k\u00e9letes v\u00e1laszt\u00e1s, ha ragyog\u00f3bb b\u0151rre \u00e9s nyugodtabb k\u00f6z\u00e9rzetre v\u00e1gysz!<br \/>\n<span class=\"TextRun SCXW206062832 BCX2\" lang=\"HU-HU\" xml:lang=\"HU-HU\" data-contrast=\"auto\"><span class=\"NormalTextRun SCXW206062832 BCX2\">(30 percek)<\/span><\/span><\/p>\n<p><span class=\"TextRun SCXW206062832 BCX2\" lang=\"HU-HU\" xml:lang=\"HU-HU\" data-contrast=\"auto\"><span class=\"NormalTextRun SCXW206062832 BCX2\"><strong>34.600 Ft<\/strong><br \/>\n<\/span><\/span><\/p>","protected":false},"excerpt":{"rendered":"<p>Az arcmassz\u00e1zs nemcsak a b\u0151r\u00f6d friss\u00edti fel, hanem hozz\u00e1j\u00e1rul a r\u00e1ncok kisim\u00edt\u00e1s\u00e1hoz \u00e9s az arcb\u0151r rugalmass\u00e1g\u00e1nak meg\u0151rz\u00e9s\u00e9hez is. Emellett a massz\u00e1zs seg\u00edt megnyugtatni az elm\u00e9t, \u00edgy testileg \u00e9s lelkileg is felfriss\u00fclhetsz. T\u00f6k\u00e9letes v\u00e1laszt\u00e1s, ha ragyog\u00f3bb b\u0151rre \u00e9s nyugodtabb k\u00f6z\u00e9rzetre v\u00e1gysz! (30 percek) 34.600 Ft<\/p>","protected":false},"featured_media":585,"comment_status":"open","ping_status":"closed","template":"","meta":[],"product_brand":[],"product_cat":[46],"product_tag":[],"class_list":{"0":"post-1347","1":"product","2":"type-product","3":"status-publish","4":"has-post-thumbnail","6":"product_cat-masszazs-berletek","8":"first","9":"instock","10":"taxable","11":"shipping-taxable","12":"purchasable","13":"product-type-simple"},"_links":{"self":[{"href":"https:\/\/royalbeauty.hu\/en\/wp-json\/wp\/v2\/product\/1347","targetHints":{"allow":["GET"]}}],"collection":[{"href":"https:\/\/royalbeauty.hu\/en\/wp-json\/wp\/v2\/product"}],"about":[{"href":"https:\/\/royalbeauty.hu\/en\/wp-json\/wp\/v2\/types\/product"}],"replies":[{"embeddable":true,"href":"https:\/\/royalbeauty.hu\/en\/wp-json\/wp\/v2\/comments?post=1347"}],"wp:featuredmedia":[{"embeddable":true,"href":"https:\/\/royalbeauty.hu\/en\/wp-json\/wp\/v2\/media\/585"}],"wp:attachment":[{"href":"https:\/\/royalbeauty.hu\/en\/wp-json\/wp\/v2\/media?parent=1347"}],"wp:term":[{"taxonomy":"product_brand","embeddable":true,"href":"https:\/\/royalbeauty.hu\/en\/wp-json\/wp\/v2\/product_brand?post=1347"},{"taxonomy":"product_cat","embeddable":true,"href":"https:\/\/royalbeauty.hu\/en\/wp-json\/wp\/v2\/product_cat?post=1347"},{"taxonomy":"product_tag","embeddable":true,"href":"https:\/\/royalbeauty.hu\/en\/wp-json\/wp\/v2\/product_tag?post=1347"}],"curies":[{"name":"wp","href":"https:\/\/api.w.org\/{rel}","templated":true}]}}