{"id":1343,"date":"2025-03-14T12:28:23","date_gmt":"2025-03-14T11:28:23","guid":{"rendered":"https:\/\/royalbeauty.hu\/?post_type=product&#038;p=1343"},"modified":"2025-11-22T09:02:02","modified_gmt":"2025-11-22T08:02:02","slug":"51-alkalmas-aroma-es-relax-berlet","status":"publish","type":"product","link":"https:\/\/royalbeauty.hu\/en\/product\/51-alkalmas-aroma-es-relax-berlet\/","title":{"rendered":"4+1 alkalmas aroma \u00e9s relax b\u00e9rlet"},"content":{"rendered":"<p>Az aroma \u00e9s relax massz\u00e1zs t\u00f6k\u00e9letes v\u00e1laszt\u00e1s, ha teljes kikapcsol\u00f3d\u00e1sra v\u00e1gysz! A term\u00e9szetes aromater\u00e1pi\u00e1s olajok nemcsak nyugtatj\u00e1k az \u00e9rz\u00e9keidet, de seg\u00edtenek oldani a stresszt is. A l\u00e1gy zene \u00e9s a kellemes atmoszf\u00e9ra garant\u00e1lja a pihen\u00e9st, mik\u00f6zben a massz\u00e1zs finoman \u00e1tmozgatja az eg\u00e9sz testedet.<\/p>\n<p><strong><span class=\"TextRun SCXW213359329 BCX2\" lang=\"HU-HU\" xml:lang=\"HU-HU\" data-contrast=\"auto\"><span class=\"NormalTextRun SCXW213359329 BCX2\">55.600 Ft<\/span><\/span><\/strong><\/p>","protected":false},"excerpt":{"rendered":"<p>Az aroma \u00e9s relax massz\u00e1zs t\u00f6k\u00e9letes v\u00e1laszt\u00e1s, ha teljes kikapcsol\u00f3d\u00e1sra v\u00e1gysz! A term\u00e9szetes aromater\u00e1pi\u00e1s olajok nemcsak nyugtatj\u00e1k az \u00e9rz\u00e9keidet, de seg\u00edtenek oldani a stresszt is. A l\u00e1gy zene \u00e9s a kellemes atmoszf\u00e9ra garant\u00e1lja a pihen\u00e9st, mik\u00f6zben a massz\u00e1zs finoman \u00e1tmozgatja az eg\u00e9sz testedet. 55.600 Ft<\/p>","protected":false},"featured_media":584,"comment_status":"open","ping_status":"closed","template":"","meta":[],"product_brand":[],"product_cat":[46],"product_tag":[],"class_list":{"0":"post-1343","1":"product","2":"type-product","3":"status-publish","4":"has-post-thumbnail","6":"product_cat-masszazs-berletek","8":"first","9":"instock","10":"taxable","11":"shipping-taxable","12":"purchasable","13":"product-type-simple"},"_links":{"self":[{"href":"https:\/\/royalbeauty.hu\/en\/wp-json\/wp\/v2\/product\/1343","targetHints":{"allow":["GET"]}}],"collection":[{"href":"https:\/\/royalbeauty.hu\/en\/wp-json\/wp\/v2\/product"}],"about":[{"href":"https:\/\/royalbeauty.hu\/en\/wp-json\/wp\/v2\/types\/product"}],"replies":[{"embeddable":true,"href":"https:\/\/royalbeauty.hu\/en\/wp-json\/wp\/v2\/comments?post=1343"}],"wp:featuredmedia":[{"embeddable":true,"href":"https:\/\/royalbeauty.hu\/en\/wp-json\/wp\/v2\/media\/584"}],"wp:attachment":[{"href":"https:\/\/royalbeauty.hu\/en\/wp-json\/wp\/v2\/media?parent=1343"}],"wp:term":[{"taxonomy":"product_brand","embeddable":true,"href":"https:\/\/royalbeauty.hu\/en\/wp-json\/wp\/v2\/product_brand?post=1343"},{"taxonomy":"product_cat","embeddable":true,"href":"https:\/\/royalbeauty.hu\/en\/wp-json\/wp\/v2\/product_cat?post=1343"},{"taxonomy":"product_tag","embeddable":true,"href":"https:\/\/royalbeauty.hu\/en\/wp-json\/wp\/v2\/product_tag?post=1343"}],"curies":[{"name":"wp","href":"https:\/\/api.w.org\/{rel}","templated":true}]}}