{"id":1136,"date":"2024-12-16T17:17:37","date_gmt":"2024-12-16T16:17:37","guid":{"rendered":"https:\/\/royalbeauty.hu\/?post_type=product&#038;p=1136"},"modified":"2025-11-22T08:48:13","modified_gmt":"2025-11-22T07:48:13","slug":"nyirokmasszazs","status":"publish","type":"product","link":"https:\/\/royalbeauty.hu\/en\/product\/nyirokmasszazs\/","title":{"rendered":"Nyirokmassz\u00e1zs"},"content":{"rendered":"<p>A nyirokmassz\u00e1zs egy fantasztikus m\u00f3dszer a m\u00e9regtelen\u00edt\u00e9sre \u00e9s a vitalit\u00e1s fokoz\u00e1s\u00e1ra! Ez a k\u00edm\u00e9letes technika serkenti a nyirokrendszert, seg\u00edt cs\u00f6kkenteni a duzzanatokat \u00e9s t\u00e1mogatja az immunrendszert. A massz\u00e1zs sor\u00e1n fell\u00e9p\u0151 finom, ritmikus mozdulatok nemcsak az izmok ellaz\u00edt\u00e1s\u00e1ban seg\u00edtenek, hanem a stressz cs\u00f6kkent\u00e9s\u00e9ben is.<\/p>\n<p><strong>9.900 Ft\/60 perc <\/strong><\/p>","protected":false},"excerpt":{"rendered":"<p>A nyirokmassz\u00e1zs egy fantasztikus m\u00f3dszer a m\u00e9regtelen\u00edt\u00e9sre \u00e9s a vitalit\u00e1s fokoz\u00e1s\u00e1ra! Ez a k\u00edm\u00e9letes technika serkenti a nyirokrendszert, seg\u00edt cs\u00f6kkenteni a duzzanatokat \u00e9s t\u00e1mogatja az immunrendszert. A massz\u00e1zs sor\u00e1n fell\u00e9p\u0151 finom, ritmikus mozdulatok nemcsak az izmok ellaz\u00edt\u00e1s\u00e1ban seg\u00edtenek, hanem a stressz cs\u00f6kkent\u00e9s\u00e9ben is. 9.900 Ft\/60 perc<\/p>","protected":false},"featured_media":0,"comment_status":"open","ping_status":"closed","template":"","meta":[],"product_brand":[],"product_cat":[43],"product_tag":[],"class_list":{"0":"post-1136","1":"product","2":"type-product","3":"status-publish","5":"product_cat-foglalasok","7":"first","8":"instock","9":"virtual","10":"taxable","11":"purchasable","12":"product-type-simple"},"_links":{"self":[{"href":"https:\/\/royalbeauty.hu\/en\/wp-json\/wp\/v2\/product\/1136","targetHints":{"allow":["GET"]}}],"collection":[{"href":"https:\/\/royalbeauty.hu\/en\/wp-json\/wp\/v2\/product"}],"about":[{"href":"https:\/\/royalbeauty.hu\/en\/wp-json\/wp\/v2\/types\/product"}],"replies":[{"embeddable":true,"href":"https:\/\/royalbeauty.hu\/en\/wp-json\/wp\/v2\/comments?post=1136"}],"wp:attachment":[{"href":"https:\/\/royalbeauty.hu\/en\/wp-json\/wp\/v2\/media?parent=1136"}],"wp:term":[{"taxonomy":"product_brand","embeddable":true,"href":"https:\/\/royalbeauty.hu\/en\/wp-json\/wp\/v2\/product_brand?post=1136"},{"taxonomy":"product_cat","embeddable":true,"href":"https:\/\/royalbeauty.hu\/en\/wp-json\/wp\/v2\/product_cat?post=1136"},{"taxonomy":"product_tag","embeddable":true,"href":"https:\/\/royalbeauty.hu\/en\/wp-json\/wp\/v2\/product_tag?post=1136"}],"curies":[{"name":"wp","href":"https:\/\/api.w.org\/{rel}","templated":true}]}}