{"id":1134,"date":"2024-12-16T17:15:26","date_gmt":"2024-12-16T16:15:26","guid":{"rendered":"https:\/\/royalbeauty.hu\/?post_type=product&#038;p=1134"},"modified":"2025-11-22T08:44:26","modified_gmt":"2025-11-22T07:44:26","slug":"sved-masszazs","status":"publish","type":"product","link":"https:\/\/royalbeauty.hu\/en\/product\/sved-masszazs\/","title":{"rendered":"Sv\u00e9d massz\u00e1zs"},"content":{"rendered":"<p>A sv\u00e9dmassz\u00e1zs a klasszikus massz\u00e1zsform\u00e1k egyike, amely m\u00e9lyen ellaz\u00edtja az izmokat \u00e9s serkenti a v\u00e9rkering\u00e9st. Az er\u0151teljes sim\u00edt\u00e1sok \u00e9s gy\u00far\u00e1sok nemcsak a fesz\u00fclts\u00e9get oldj\u00e1k, hanem a stresszt is cs\u00f6kkentik. Ez a kezel\u00e9s jav\u00edtja a testtart\u00e1st \u00e9s el\u0151seg\u00edti a regener\u00e1ci\u00f3t, \u00edgy friss \u00e9s energikus leszel a massz\u00e1zs ut\u00e1n.<\/p>\n<p><strong>13.900 Ft\/60 perc<br \/>\n<\/strong><\/p>","protected":false},"excerpt":{"rendered":"<p>A sv\u00e9dmassz\u00e1zs a klasszikus massz\u00e1zsform\u00e1k egyike, amely m\u00e9lyen ellaz\u00edtja az izmokat \u00e9s serkenti a v\u00e9rkering\u00e9st. Az er\u0151teljes sim\u00edt\u00e1sok \u00e9s gy\u00far\u00e1sok nemcsak a fesz\u00fclts\u00e9get oldj\u00e1k, hanem a stresszt is cs\u00f6kkentik. Ez a kezel\u00e9s jav\u00edtja a testtart\u00e1st \u00e9s el\u0151seg\u00edti a regener\u00e1ci\u00f3t, \u00edgy friss \u00e9s energikus leszel a massz\u00e1zs ut\u00e1n. 13.900 Ft\/60 perc<\/p>","protected":false},"featured_media":0,"comment_status":"open","ping_status":"closed","template":"","meta":[],"product_brand":[],"product_cat":[43],"product_tag":[],"class_list":{"0":"post-1134","1":"product","2":"type-product","3":"status-publish","5":"product_cat-foglalasok","7":"first","8":"instock","9":"virtual","10":"taxable","11":"purchasable","12":"product-type-simple"},"_links":{"self":[{"href":"https:\/\/royalbeauty.hu\/en\/wp-json\/wp\/v2\/product\/1134","targetHints":{"allow":["GET"]}}],"collection":[{"href":"https:\/\/royalbeauty.hu\/en\/wp-json\/wp\/v2\/product"}],"about":[{"href":"https:\/\/royalbeauty.hu\/en\/wp-json\/wp\/v2\/types\/product"}],"replies":[{"embeddable":true,"href":"https:\/\/royalbeauty.hu\/en\/wp-json\/wp\/v2\/comments?post=1134"}],"wp:attachment":[{"href":"https:\/\/royalbeauty.hu\/en\/wp-json\/wp\/v2\/media?parent=1134"}],"wp:term":[{"taxonomy":"product_brand","embeddable":true,"href":"https:\/\/royalbeauty.hu\/en\/wp-json\/wp\/v2\/product_brand?post=1134"},{"taxonomy":"product_cat","embeddable":true,"href":"https:\/\/royalbeauty.hu\/en\/wp-json\/wp\/v2\/product_cat?post=1134"},{"taxonomy":"product_tag","embeddable":true,"href":"https:\/\/royalbeauty.hu\/en\/wp-json\/wp\/v2\/product_tag?post=1134"}],"curies":[{"name":"wp","href":"https:\/\/api.w.org\/{rel}","templated":true}]}}