{"id":1086,"date":"2024-12-16T12:46:59","date_gmt":"2024-12-16T11:46:59","guid":{"rendered":"https:\/\/royalbeauty.hu\/?post_type=product&#038;p=1086"},"modified":"2025-11-27T12:29:45","modified_gmt":"2025-11-27T11:29:45","slug":"tradicionalis-frissito-masszazs-30-perc","status":"publish","type":"product","link":"https:\/\/royalbeauty.hu\/en\/product\/tradicionalis-frissito-masszazs-30-perc\/","title":{"rendered":"Kedvezm\u00e9nyes Tradicion\u00e1lis friss\u00edt\u0151 massz\u00e1zs 30 perc"},"content":{"rendered":"<p>A friss\u00edt\u0151 massz\u00e1zs seg\u00edt feloldani az izomba z\u00e1rt fesz\u00fclts\u00e9get, g\u00f6rcs\u00f6ket, meggyors\u00edtja a felhalmoz\u00f3dott anyagcsereterm\u00e9kek feldolgoz\u00e1s\u00e1t \u00e9s ki\u00fcr\u00fcl\u00e9s\u00e9t. Jav\u00edthatjuk az izmok funkci\u00f3it, \u00f6sszeh\u00faz\u00f3d\u00f3 k\u00e9pess\u00e9g\u00fcket, rugalmass\u00e1gukat. Serkenti a v\u00e9rkering\u00e9st, anyagcser\u00e9t, jav\u00edtja a h\u0151szab\u00e1lyoz\u00e1st. A massz\u00e1z t\u00f6bbsz\u00f6r\u00f6s\u00e9re n\u00f6veli a fel\u00fcletes \u00e9s a m\u00e9lyen fekv\u0151 testsz\u00f6vetek v\u00e9rell\u00e1t\u00e1s\u00e1t. A massz\u00e1zs nemcsak az izmokat, a b\u0151rt \u00e9s v\u00e9rkering\u00e9st friss\u00edti fel, hanem csod\u00e1latos hat\u00e1st fejt ki az idegrendszerre is. Jobb alv\u00e1st biztos\u00edt, enyh\u00edti a kr\u00f3nikus f\u00e1jdalmat.<\/p>\n<p><strong>8.500 Ft<br \/>\n<\/strong><\/p>","protected":false},"excerpt":{"rendered":"<p>A friss\u00edt\u0151 massz\u00e1zs seg\u00edt feloldani az izomba z\u00e1rt fesz\u00fclts\u00e9get, g\u00f6rcs\u00f6ket, meggyors\u00edtja a felhalmoz\u00f3dott anyagcsereterm\u00e9kek feldolgoz\u00e1s\u00e1t \u00e9s ki\u00fcr\u00fcl\u00e9s\u00e9t. Jav\u00edthatjuk az izmok funkci\u00f3it, \u00f6sszeh\u00faz\u00f3d\u00f3 k\u00e9pess\u00e9g\u00fcket, rugalmass\u00e1gukat. Serkenti a v\u00e9rkering\u00e9st, anyagcser\u00e9t, jav\u00edtja a h\u0151szab\u00e1lyoz\u00e1st. A massz\u00e1z t\u00f6bbsz\u00f6r\u00f6s\u00e9re n\u00f6veli a fel\u00fcletes \u00e9s a m\u00e9lyen fekv\u0151 testsz\u00f6vetek v\u00e9rell\u00e1t\u00e1s\u00e1t. A massz\u00e1zs nemcsak az izmokat, a b\u0151rt \u00e9s v\u00e9rkering\u00e9st friss\u00edti fel, hanem &#8230; <a title=\"Kedvezm\u00e9nyes Tradicion\u00e1lis friss\u00edt\u0151 massz\u00e1zs 30 perc\" class=\"read-more\" href=\"https:\/\/royalbeauty.hu\/en\/product\/tradicionalis-frissito-masszazs-30-perc\/\" aria-label=\"Read more about Kedvezm\u00e9nyes Tradicion\u00e1lis friss\u00edt\u0151 massz\u00e1zs 30 perc\">Read more<\/a><\/p>","protected":false},"featured_media":0,"comment_status":"open","ping_status":"closed","template":"","meta":[],"product_brand":[],"product_cat":[15],"product_tag":[],"class_list":{"0":"post-1086","1":"product","2":"type-product","3":"status-publish","5":"product_cat-uncategorized","7":"first","8":"instock","9":"virtual","10":"taxable","11":"purchasable","12":"product-type-simple"},"_links":{"self":[{"href":"https:\/\/royalbeauty.hu\/en\/wp-json\/wp\/v2\/product\/1086","targetHints":{"allow":["GET"]}}],"collection":[{"href":"https:\/\/royalbeauty.hu\/en\/wp-json\/wp\/v2\/product"}],"about":[{"href":"https:\/\/royalbeauty.hu\/en\/wp-json\/wp\/v2\/types\/product"}],"replies":[{"embeddable":true,"href":"https:\/\/royalbeauty.hu\/en\/wp-json\/wp\/v2\/comments?post=1086"}],"wp:attachment":[{"href":"https:\/\/royalbeauty.hu\/en\/wp-json\/wp\/v2\/media?parent=1086"}],"wp:term":[{"taxonomy":"product_brand","embeddable":true,"href":"https:\/\/royalbeauty.hu\/en\/wp-json\/wp\/v2\/product_brand?post=1086"},{"taxonomy":"product_cat","embeddable":true,"href":"https:\/\/royalbeauty.hu\/en\/wp-json\/wp\/v2\/product_cat?post=1086"},{"taxonomy":"product_tag","embeddable":true,"href":"https:\/\/royalbeauty.hu\/en\/wp-json\/wp\/v2\/product_tag?post=1086"}],"curies":[{"name":"wp","href":"https:\/\/api.w.org\/{rel}","templated":true}]}}