{"id":919,"date":"2024-12-15T22:17:03","date_gmt":"2024-12-15T21:17:03","guid":{"rendered":"https:\/\/royalbeauty.hu\/?page_id=919"},"modified":"2024-12-15T22:38:49","modified_gmt":"2024-12-15T21:38:49","slug":"manikur-pedikur","status":"publish","type":"page","link":"https:\/\/royalbeauty.hu\/en\/manikur-pedikur\/","title":{"rendered":"Manik\u0171r &amp; Pedik\u0171r"},"content":{"rendered":"<div data-elementor-type=\"wp-page\" data-elementor-id=\"919\" class=\"elementor elementor-919\" data-elementor-post-type=\"page\">\n\t\t\t\t\t\t<section class=\"elementor-section elementor-top-section elementor-element elementor-element-e360fc1 elementor-section-full_width elementor-section-height-min-height elementor-section-height-default elementor-section-items-middle\" data-id=\"e360fc1\" data-element_type=\"section\" data-e-type=\"section\">\n\t\t\t\t\t\t\t<div class=\"elementor-background-overlay\"><\/div>\n\t\t\t\t\t\t\t<div class=\"elementor-container elementor-column-gap-default\">\n\t\t\t\t\t<div class=\"elementor-column elementor-col-100 elementor-top-column elementor-element elementor-element-ddcf68a\" data-id=\"ddcf68a\" data-element_type=\"column\" data-e-type=\"column\">\n\t\t\t<div class=\"elementor-widget-wrap elementor-element-populated\">\n\t\t\t\t\t\t<div class=\"elementor-element elementor-element-ee205e3 elementor-widget elementor-widget-text-editor\" data-id=\"ee205e3\" data-element_type=\"widget\" data-e-type=\"widget\" data-widget_type=\"text-editor.default\">\n\t\t\t\t<div class=\"elementor-widget-container\">\n\t\t\t\t\t\t\t\t\t<p>Manik\u0171r &amp; Pedik\u0171r<\/p>\t\t\t\t\t\t\t\t<\/div>\n\t\t\t\t<\/div>\n\t\t\t\t\t<\/div>\n\t\t<\/div>\n\t\t\t\t\t<\/div>\n\t\t<\/section>\n\t\t<div class=\"elementor-element elementor-element-c1a77c6 e-flex e-con-boxed e-con e-parent\" data-id=\"c1a77c6\" data-element_type=\"container\" data-e-type=\"container\">\n\t\t\t\t\t<div class=\"e-con-inner\">\n\t\t<div class=\"elementor-element elementor-element-3af4f1b e-con-full e-flex e-con e-child\" data-id=\"3af4f1b\" data-element_type=\"container\" data-e-type=\"container\">\n\t\t<div class=\"elementor-element elementor-element-2fe2a43 e-con-full e-flex e-con e-child\" data-id=\"2fe2a43\" data-element_type=\"container\" data-e-type=\"container\">\n\t\t\t\t<div class=\"elementor-element elementor-element-519b72d elementor-widget elementor-widget-heading\" data-id=\"519b72d\" data-element_type=\"widget\" data-e-type=\"widget\" data-widget_type=\"heading.default\">\n\t\t\t\t<div class=\"elementor-widget-container\">\n\t\t\t\t\t<h2 class=\"elementor-heading-title elementor-size-default\">Elegancia \u00e9s tart\u00f3ss\u00e1g egy helyen! <\/h2>\t\t\t\t<\/div>\n\t\t\t\t<\/div>\n\t\t\t\t<div class=\"elementor-element elementor-element-272aa97 elementor-widget elementor-widget-text-editor\" data-id=\"272aa97\" data-element_type=\"widget\" data-e-type=\"widget\" data-widget_type=\"text-editor.default\">\n\t\t\t\t<div class=\"elementor-widget-container\">\n\t\t\t\t\t\t\t\t\t<p>Mostant\u00f3l Csap\u00f3 Merci, szalonunk manik\u0171r\u00f6se \u00e9s pedik\u0171r\u00f6se gondoskodik arr\u00f3l, hogy kezeid \u00e9s l\u00e1baid mindig \u00e1poltak \u00e9s ragyog\u00f3ak legyenek!<\/p><p>\u00a0<b>Szakmai h\u00e1ttere<\/b>:<br \/>Merci 2007-ben szerezte meg k\u00e9z- \u00e9s l\u00e1b\u00e1pol\u00f3, valamint m\u0171k\u00f6r\u00f6m\u00e9p\u00edt\u0151 k\u00e9pes\u00edt\u00e9s\u00e9t. Az elm\u00falt id\u0151szakban teljesen a szakm\u00e1nak szentelte mag\u00e1t, \u00e9s f\u0151k\u00e9nt a term\u00e9szetes hat\u00e1s\u00fa, eleg\u00e1ns k\u00f6rm\u00f6k k\u00e9sz\u00edt\u00e9s\u00e9re specializ\u00e1l\u00f3dott.<\/p><p>Napjainkban egyre n\u00e9pszer\u0171bb a term\u00e9szetes, letisztult k\u00f6r\u00f6mtrend, \u00e9s Merci is ezt a st\u00edlust k\u00e9pviseli a munk\u00e1j\u00e1ban. Ha te is erre v\u00e1gysz, foglalj id\u0151pontot m\u00e9g ma, \u00e9s tedd meg az els\u0151 l\u00e9p\u00e9st a csod\u00e1s k\u00f6rm\u00f6k fel\u00e9!<\/p>\t\t\t\t\t\t\t\t<\/div>\n\t\t\t\t<\/div>\n\t\t\t\t<\/div>\n\t\t\t\t<\/div>\n\t\t<div class=\"elementor-element elementor-element-5f16692 e-con-full e-flex e-con e-child\" data-id=\"5f16692\" data-element_type=\"container\" data-e-type=\"container\">\n\t\t\t\t<div class=\"elementor-element elementor-element-8519ba7 elementor-widget elementor-widget-image\" data-id=\"8519ba7\" data-element_type=\"widget\" data-e-type=\"widget\" data-widget_type=\"image.default\">\n\t\t\t\t<div class=\"elementor-widget-container\">\n\t\t\t\t\t\t\t\t\t\t\t\t\t\t\t\t<a href=\"https:\/\/royalbeauty.hu\/wp-content\/uploads\/2024\/12\/Manikur-pedikur_arlista-scaled.webp\" data-elementor-open-lightbox=\"yes\" data-elementor-lightbox-title=\"Maniku\u030br-pediku\u030br_a\u0301rlista\" data-e-action-hash=\"#elementor-action%3Aaction%3Dlightbox%26settings%3DeyJpZCI6OTIyLCJ1cmwiOiJodHRwczpcL1wvcm95YWxiZWF1dHkuaHVcL3dwLWNvbnRlbnRcL3VwbG9hZHNcLzIwMjRcLzEyXC9NYW5pa3VyLXBlZGlrdXJfYXJsaXN0YS1zY2FsZWQud2VicCJ9\">\n\t\t\t\t\t\t\t<img fetchpriority=\"high\" decoding=\"async\" width=\"724\" height=\"1024\" src=\"https:\/\/royalbeauty.hu\/wp-content\/uploads\/2024\/12\/Manikur-pedikur_arlista-724x1024.webp\" class=\"attachment-large size-large wp-image-922\" alt=\"\" srcset=\"https:\/\/royalbeauty.hu\/wp-content\/uploads\/2024\/12\/Manikur-pedikur_arlista-724x1024.webp 724w, https:\/\/royalbeauty.hu\/wp-content\/uploads\/2024\/12\/Manikur-pedikur_arlista-212x300.webp 212w, https:\/\/royalbeauty.hu\/wp-content\/uploads\/2024\/12\/Manikur-pedikur_arlista-768x1086.webp 768w, https:\/\/royalbeauty.hu\/wp-content\/uploads\/2024\/12\/Manikur-pedikur_arlista-1086x1536.webp 1086w, https:\/\/royalbeauty.hu\/wp-content\/uploads\/2024\/12\/Manikur-pedikur_arlista-1448x2048.webp 1448w, https:\/\/royalbeauty.hu\/wp-content\/uploads\/2024\/12\/Manikur-pedikur_arlista-600x849.webp 600w, https:\/\/royalbeauty.hu\/wp-content\/uploads\/2024\/12\/Manikur-pedikur_arlista-scaled.webp 1810w\" sizes=\"(max-width: 724px) 100vw, 724px\" \/>\t\t\t\t\t\t\t\t<\/a>\n\t\t\t\t\t\t\t\t\t\t\t\t\t\t\t<\/div>\n\t\t\t\t<\/div>\n\t\t\t\t<\/div>\n\t\t\t\t\t<\/div>\n\t\t\t\t<\/div>\n\t\t\t\t<\/div>","protected":false},"excerpt":{"rendered":"<p>Manik\u0171r &amp; Pedik\u0171r Elegancia \u00e9s tart\u00f3ss\u00e1g egy helyen! Mostant\u00f3l Csap\u00f3 Merci, szalonunk manik\u0171r\u00f6se \u00e9s pedik\u0171r\u00f6se gondoskodik arr\u00f3l, hogy kezeid \u00e9s l\u00e1baid mindig \u00e1poltak \u00e9s ragyog\u00f3ak legyenek! \u00a0Szakmai h\u00e1ttere:Merci 2007-ben szerezte meg k\u00e9z- \u00e9s l\u00e1b\u00e1pol\u00f3, valamint m\u0171k\u00f6r\u00f6m\u00e9p\u00edt\u0151 k\u00e9pes\u00edt\u00e9s\u00e9t. Az elm\u00falt id\u0151szakban teljesen a szakm\u00e1nak szentelte mag\u00e1t, \u00e9s f\u0151k\u00e9nt a term\u00e9szetes hat\u00e1s\u00fa, eleg\u00e1ns k\u00f6rm\u00f6k k\u00e9sz\u00edt\u00e9s\u00e9re specializ\u00e1l\u00f3dott. Napjainkban &#8230; <a title=\"Manik\u0171r &amp; Pedik\u0171r\" class=\"read-more\" href=\"https:\/\/royalbeauty.hu\/en\/manikur-pedikur\/\" aria-label=\"Read more about Manik\u0171r &amp; Pedik\u0171r\">Read more<\/a><\/p>","protected":false},"author":1,"featured_media":0,"parent":0,"menu_order":0,"comment_status":"closed","ping_status":"closed","template":"elementor_header_footer","meta":{"footnotes":""},"class_list":["post-919","page","type-page","status-publish"],"_links":{"self":[{"href":"https:\/\/royalbeauty.hu\/en\/wp-json\/wp\/v2\/pages\/919","targetHints":{"allow":["GET"]}}],"collection":[{"href":"https:\/\/royalbeauty.hu\/en\/wp-json\/wp\/v2\/pages"}],"about":[{"href":"https:\/\/royalbeauty.hu\/en\/wp-json\/wp\/v2\/types\/page"}],"author":[{"embeddable":true,"href":"https:\/\/royalbeauty.hu\/en\/wp-json\/wp\/v2\/users\/1"}],"replies":[{"embeddable":true,"href":"https:\/\/royalbeauty.hu\/en\/wp-json\/wp\/v2\/comments?post=919"}],"version-history":[{"count":13,"href":"https:\/\/royalbeauty.hu\/en\/wp-json\/wp\/v2\/pages\/919\/revisions"}],"predecessor-version":[{"id":938,"href":"https:\/\/royalbeauty.hu\/en\/wp-json\/wp\/v2\/pages\/919\/revisions\/938"}],"wp:attachment":[{"href":"https:\/\/royalbeauty.hu\/en\/wp-json\/wp\/v2\/media?parent=919"}],"curies":[{"name":"wp","href":"https:\/\/api.w.org\/{rel}","templated":true}]}}