{"id":21,"date":"2024-10-07T00:50:04","date_gmt":"2024-10-06T22:50:04","guid":{"rendered":"https:\/\/royalbeauty.hu\/?page_id=21"},"modified":"2025-02-14T20:32:19","modified_gmt":"2025-02-14T19:32:19","slug":"royalbeauty","status":"publish","type":"page","link":"https:\/\/royalbeauty.hu\/en\/","title":{"rendered":"Royalbeauty"},"content":{"rendered":"\t\t<div data-elementor-type=\"wp-page\" data-elementor-id=\"21\" class=\"elementor elementor-21\" data-elementor-post-type=\"page\">\n\t\t\t\t<div class=\"elementor-element elementor-element-11e896a e-flex e-con-boxed e-con e-parent\" data-id=\"11e896a\" data-element_type=\"container\" data-e-type=\"container\" data-settings=\"{&quot;background_background&quot;:&quot;slideshow&quot;,&quot;background_slideshow_gallery&quot;:[{&quot;id&quot;:553,&quot;url&quot;:&quot;https:\\\/\\\/royalbeauty.hu\\\/wp-content\\\/uploads\\\/2024\\\/11\\\/KiwisunSiofok-37.webp&quot;},{&quot;id&quot;:554,&quot;url&quot;:&quot;https:\\\/\\\/royalbeauty.hu\\\/wp-content\\\/uploads\\\/2024\\\/11\\\/IMG_9256-scaled.webp&quot;},{&quot;id&quot;:552,&quot;url&quot;:&quot;https:\\\/\\\/royalbeauty.hu\\\/wp-content\\\/uploads\\\/2024\\\/11\\\/KiwisunSiofok-3.webp&quot;},{&quot;id&quot;:551,&quot;url&quot;:&quot;https:\\\/\\\/royalbeauty.hu\\\/wp-content\\\/uploads\\\/2024\\\/11\\\/KiwisunSiofok-13.webp&quot;},{&quot;id&quot;:153,&quot;url&quot;:&quot;https:\\\/\\\/royalbeauty.hu\\\/wp-content\\\/uploads\\\/2024\\\/10\\\/KiwisunSiofok-21.webp&quot;}],&quot;background_slideshow_ken_burns&quot;:&quot;yes&quot;,&quot;background_slideshow_slide_duration&quot;:8000,&quot;background_slideshow_loop&quot;:&quot;yes&quot;,&quot;background_slideshow_slide_transition&quot;:&quot;fade&quot;,&quot;background_slideshow_transition_duration&quot;:500,&quot;background_slideshow_ken_burns_zoom_direction&quot;:&quot;in&quot;}\">\n\t\t\t\t\t<div class=\"e-con-inner\">\n\t\t\t\t\t<\/div>\n\t\t\t\t<\/div>\n\t\t<div class=\"elementor-element elementor-element-86461e2 e-flex e-con-boxed e-con e-parent\" data-id=\"86461e2\" data-element_type=\"container\" data-e-type=\"container\">\n\t\t\t\t\t<div class=\"e-con-inner\">\n\t\t<div class=\"elementor-element elementor-element-a180f61 e-con-full animated-slow e-flex elementor-invisible e-con e-child\" data-id=\"a180f61\" data-element_type=\"container\" data-e-type=\"container\" data-settings=\"{&quot;animation&quot;:&quot;bounceInLeft&quot;}\">\n\t\t\t\t<div class=\"elementor-element elementor-element-5fda2c8 elementor-widget elementor-widget-text-editor\" data-id=\"5fda2c8\" data-element_type=\"widget\" data-e-type=\"widget\" data-widget_type=\"text-editor.default\">\n\t\t\t\t<div class=\"elementor-widget-container\">\n\t\t\t\t\t\t\t\t\t<p><strong><span class=\"gmail_signature_prefix\">Fedezd fel a si\u00f3foki KiwiSun bioszol\u00e1riumot a<br \/>Royalbeauty sz\u00e9ps\u00e9gszalonban!<\/span><\/strong><\/p><p><span class=\"gmail_signature_prefix\">N\u00e1lunk <b>gy\u00f6ny\u00f6r\u0171<\/b>, <b>eg\u00e9szs\u00e9ges barnas\u00e1got<\/b>\u00a0\u00e9rhetsz el k\u00edm\u00e9letes, modern, kvarc- \u00e9s halog\u00e9nmentes technol\u00f3gi\u00e1nkkal, amely nem sz\u00e1r\u00edtja \u00e9s nem r\u00e1ncos\u00edtja b\u0151r\u00f6det. Szalonunkban \u00e1ll\u00f3 \u00e9s fekv\u0151 <b>szol\u00e1riumok<\/b>\u00a0v\u00e1rnak r\u00e1d, amelyek biztons\u00e1gosak \u00e9s hat\u00e9konyak. \u00d6t k\u00fcl\u00f6nb\u00f6z\u0151 er\u0151ss\u00e9g\u0171 g\u00e9p\u00fcnk k\u00f6z\u00fcl biztosan megtal\u00e1lod b\u0151r\u00f6dnek a legmegfelel\u0151bbet a t\u00f6k\u00e9letes barnul\u00e1shoz. Speci\u00e1lis szol\u00e1rium <b>kozmetikumok<\/b> nemcsak gyors\u00edtj\u00e1k, de tart\u00f3sabb\u00e1 is teszik a barnul\u00e1st. T\u00f6ltsd fel energi\u00e1idat, relax\u00e1lj, \u00e9s \u00e9rezd magad fantasztikusan n\u00e1lunk! <br \/><\/span><\/p>\t\t\t\t\t\t\t\t<\/div>\n\t\t\t\t<\/div>\n\t\t\t\t<div class=\"elementor-element elementor-element-94ddda3 elementor-widget elementor-widget-button\" data-id=\"94ddda3\" data-element_type=\"widget\" data-e-type=\"widget\" data-widget_type=\"button.default\">\n\t\t\t\t<div class=\"elementor-widget-container\">\n\t\t\t\t\t\t\t\t\t<div class=\"elementor-button-wrapper\">\n\t\t\t\t\t<a class=\"elementor-button elementor-button-link elementor-size-sm\" href=\"https:\/\/royalbeauty.hu\/en\/kiwisun\/\">\n\t\t\t\t\t\t<span class=\"elementor-button-content-wrapper\">\n\t\t\t\t\t\t\t\t\t<span class=\"elementor-button-text\">Tov\u00e1bbi inform\u00e1ci\u00f3k<\/span>\n\t\t\t\t\t<\/span>\n\t\t\t\t\t<\/a>\n\t\t\t\t<\/div>\n\t\t\t\t\t\t\t\t<\/div>\n\t\t\t\t<\/div>\n\t\t\t\t<\/div>\n\t\t<div class=\"elementor-element elementor-element-ce16a8f e-con-full animated-slow e-flex elementor-invisible e-con e-child\" data-id=\"ce16a8f\" data-element_type=\"container\" data-e-type=\"container\" data-settings=\"{&quot;animation&quot;:&quot;bounceInDown&quot;}\">\n\t\t\t\t<div class=\"elementor-element elementor-element-e8625c7 elementor-widget elementor-widget-image\" data-id=\"e8625c7\" data-element_type=\"widget\" data-e-type=\"widget\" data-widget_type=\"image.default\">\n\t\t\t\t<div class=\"elementor-widget-container\">\n\t\t\t\t\t\t\t\t\t\t\t\t\t\t\t<img fetchpriority=\"high\" decoding=\"async\" width=\"900\" height=\"600\" src=\"https:\/\/royalbeauty.hu\/wp-content\/uploads\/2024\/11\/KiwisunSiofok-13-1024x683.webp\" class=\"attachment-large size-large wp-image-551\" alt=\"\" srcset=\"https:\/\/royalbeauty.hu\/wp-content\/uploads\/2024\/11\/KiwisunSiofok-13-1024x683.webp 1024w, https:\/\/royalbeauty.hu\/wp-content\/uploads\/2024\/11\/KiwisunSiofok-13-300x200.webp 300w, https:\/\/royalbeauty.hu\/wp-content\/uploads\/2024\/11\/KiwisunSiofok-13-768x512.webp 768w, https:\/\/royalbeauty.hu\/wp-content\/uploads\/2024\/11\/KiwisunSiofok-13-1536x1024.webp 1536w, https:\/\/royalbeauty.hu\/wp-content\/uploads\/2024\/11\/KiwisunSiofok-13-2048x1365.webp 2048w, https:\/\/royalbeauty.hu\/wp-content\/uploads\/2024\/11\/KiwisunSiofok-13-600x400.webp 600w\" sizes=\"(max-width: 900px) 100vw, 900px\" \/>\t\t\t\t\t\t\t\t\t\t\t\t\t\t\t<\/div>\n\t\t\t\t<\/div>\n\t\t\t\t<\/div>\n\t\t\t\t\t<\/div>\n\t\t\t\t<\/div>\n\t\t<div class=\"elementor-element elementor-element-b3a4712 e-flex e-con-boxed e-con e-parent\" data-id=\"b3a4712\" data-element_type=\"container\" data-e-type=\"container\">\n\t\t\t\t\t<div class=\"e-con-inner\">\n\t\t\t\t<div class=\"elementor-element elementor-element-67c5545 elementor-widget-divider--view-line elementor-widget elementor-widget-divider\" data-id=\"67c5545\" data-element_type=\"widget\" data-e-type=\"widget\" data-widget_type=\"divider.default\">\n\t\t\t\t<div class=\"elementor-widget-container\">\n\t\t\t\t\t\t\t<div class=\"elementor-divider\">\n\t\t\t<span class=\"elementor-divider-separator\">\n\t\t\t\t\t\t<\/span>\n\t\t<\/div>\n\t\t\t\t\t\t<\/div>\n\t\t\t\t<\/div>\n\t\t\t\t\t<\/div>\n\t\t\t\t<\/div>\n\t\t<div class=\"elementor-element elementor-element-bb192c0 e-flex e-con-boxed e-con e-parent\" data-id=\"bb192c0\" data-element_type=\"container\" data-e-type=\"container\">\n\t\t\t\t\t<div class=\"e-con-inner\">\n\t\t<div class=\"elementor-element elementor-element-ade6e2c e-con-full animated-slow e-flex elementor-invisible e-con e-child\" data-id=\"ade6e2c\" data-element_type=\"container\" data-e-type=\"container\" data-settings=\"{&quot;animation&quot;:&quot;bounceInUp&quot;}\">\n\t\t\t\t<div class=\"elementor-element elementor-element-dabc347 elementor-widget elementor-widget-image\" data-id=\"dabc347\" data-element_type=\"widget\" data-e-type=\"widget\" data-widget_type=\"image.default\">\n\t\t\t\t<div class=\"elementor-widget-container\">\n\t\t\t\t\t\t\t\t\t\t\t\t\t\t\t<img decoding=\"async\" width=\"733\" height=\"564\" src=\"https:\/\/royalbeauty.hu\/wp-content\/uploads\/2024\/10\/aroma-es-relax.webp\" class=\"attachment-large size-large wp-image-584\" alt=\"\" srcset=\"https:\/\/royalbeauty.hu\/wp-content\/uploads\/2024\/10\/aroma-es-relax.webp 733w, https:\/\/royalbeauty.hu\/wp-content\/uploads\/2024\/10\/aroma-es-relax-300x231.webp 300w, https:\/\/royalbeauty.hu\/wp-content\/uploads\/2024\/10\/aroma-es-relax-600x462.webp 600w\" sizes=\"(max-width: 733px) 100vw, 733px\" \/>\t\t\t\t\t\t\t\t\t\t\t\t\t\t\t<\/div>\n\t\t\t\t<\/div>\n\t\t\t\t<\/div>\n\t\t<div class=\"elementor-element elementor-element-8f8294e e-con-full animated-slow e-flex elementor-invisible e-con e-child\" data-id=\"8f8294e\" data-element_type=\"container\" data-e-type=\"container\" data-settings=\"{&quot;animation&quot;:&quot;bounceInRight&quot;}\">\n\t\t\t\t<div class=\"elementor-element elementor-element-cd8b480 elementor-widget elementor-widget-text-editor\" data-id=\"cd8b480\" data-element_type=\"widget\" data-e-type=\"widget\" data-widget_type=\"text-editor.default\">\n\t\t\t\t<div class=\"elementor-widget-container\">\n\t\t\t\t\t\t\t\t\t<p><strong><span class=\"gmail_signature_prefix\">K\u00e9nyeztet\u00e9s \u00e9s felfriss\u00fcl\u00e9s a Royal Beauty-ban!<\/span><\/strong><\/p><p><span class=\"gmail_signature_prefix\">Si\u00f3fok sz\u00edv\u00e9ben, a f\u0151t\u00e9r szomsz\u00e9ds\u00e1g\u00e1ban v\u00e1runk, hogy megtapasztald a t\u00f6k\u00e9letes kikapcsol\u00f3d\u00e1st! Szalonunkban a<b> massz\u00e1zs<\/b>ok sz\u00e9les palett\u00e1j\u00e1t k\u00edn\u00e1ljuk: v\u00e1laszd a klasszikus <b>sv\u00e9d<\/b> massz\u00e1zst, a <b>friss\u00edt\u0151<\/b>, <b>aromater\u00e1pi\u00e1s <\/b>vagy <b>arc\u00a0<\/b>kezel\u00e9seinket. Ha m\u00e9lyebb laz\u00edt\u00e1sra van sz\u00fcks\u00e9ged, pr\u00f3b\u00e1ld ki <b>nyirok<\/b>massz\u00e1zsunkat, amely t\u00e1mogatja tested term\u00e9szetes regener\u00e1ci\u00f3j\u00e1t. Tapasztalt massz\u0151reink sz\u00fcks\u00e9g eset\u00e9n <b>k\u00f6p\u00f6ly\u00f6z\u00e9s<\/b>sel is seg\u00edtenek a letapadt izmok fellaz\u00edt\u00e1s\u00e1ban. <b>Foglalj id\u0151pontot<\/b> online vagy recepci\u00f3s koll\u00e9g\u00e1inkn\u00e1l, t\u00f6ltsd fel tested \u00e9s lelked, \u00e9s hagyd, hogy a Royal Beauty k\u00e9nyeztessen t\u00e9ged!<\/span><\/p>\t\t\t\t\t\t\t\t<\/div>\n\t\t\t\t<\/div>\n\t\t\t\t<div class=\"elementor-element elementor-element-fbdfc36 elementor-widget elementor-widget-button\" data-id=\"fbdfc36\" data-element_type=\"widget\" data-e-type=\"widget\" data-widget_type=\"button.default\">\n\t\t\t\t<div class=\"elementor-widget-container\">\n\t\t\t\t\t\t\t\t\t<div class=\"elementor-button-wrapper\">\n\t\t\t\t\t<a class=\"elementor-button elementor-button-link elementor-size-sm\" href=\"https:\/\/royalbeauty.hu\/en\/masszazs\/\">\n\t\t\t\t\t\t<span class=\"elementor-button-content-wrapper\">\n\t\t\t\t\t\t\t\t\t<span class=\"elementor-button-text\">Tov\u00e1bbi inform\u00e1ci\u00f3k<\/span>\n\t\t\t\t\t<\/span>\n\t\t\t\t\t<\/a>\n\t\t\t\t<\/div>\n\t\t\t\t\t\t\t\t<\/div>\n\t\t\t\t<\/div>\n\t\t\t\t<\/div>\n\t\t\t\t\t<\/div>\n\t\t\t\t<\/div>\n\t\t<div class=\"elementor-element elementor-element-4b6cabe e-flex e-con-boxed e-con e-parent\" data-id=\"4b6cabe\" data-element_type=\"container\" data-e-type=\"container\">\n\t\t\t\t\t<div class=\"e-con-inner\">\n\t\t\t\t<div class=\"elementor-element elementor-element-2eca81b elementor-widget-divider--view-line elementor-widget elementor-widget-divider\" data-id=\"2eca81b\" data-element_type=\"widget\" data-e-type=\"widget\" data-widget_type=\"divider.default\">\n\t\t\t\t<div class=\"elementor-widget-container\">\n\t\t\t\t\t\t\t<div class=\"elementor-divider\">\n\t\t\t<span class=\"elementor-divider-separator\">\n\t\t\t\t\t\t<\/span>\n\t\t<\/div>\n\t\t\t\t\t\t<\/div>\n\t\t\t\t<\/div>\n\t\t\t\t\t<\/div>\n\t\t\t\t<\/div>\n\t\t<div class=\"elementor-element elementor-element-0aa119a e-flex e-con-boxed e-con e-parent\" data-id=\"0aa119a\" data-element_type=\"container\" data-e-type=\"container\">\n\t\t\t\t\t<div class=\"e-con-inner\">\n\t\t<div class=\"elementor-element elementor-element-b3a496f e-con-full animated-slow e-flex elementor-invisible e-con e-child\" data-id=\"b3a496f\" data-element_type=\"container\" data-e-type=\"container\" data-settings=\"{&quot;animation&quot;:&quot;bounceInLeft&quot;}\">\n\t\t\t\t<div class=\"elementor-element elementor-element-faf365a elementor-widget elementor-widget-text-editor\" data-id=\"faf365a\" data-element_type=\"widget\" data-e-type=\"widget\" data-widget_type=\"text-editor.default\">\n\t\t\t\t<div class=\"elementor-widget-container\">\n\t\t\t\t\t\t\t\t\t<p><strong><span class=\"gmail_signature_prefix\">Fedezd fel a KiwiSun Si\u00f3fok pr\u00e9mium term\u00e9keit!<\/span><\/strong><\/p><p><span class=\"gmail_signature_prefix\">Term\u00e9keinket k\u00e9nyelmesen megv\u00e1s\u00e1rolhatod online\u00a0vagy szem\u00e9lyesen szalonunkban. Pr\u00e9mium <b>barn\u00edt\u00f3 <\/b>\u00e9s b\u0151r\u00e1pol\u00f3 <b>kr\u00e9m<\/b>eink seg\u00edtenek el\u00e9rni \u00e9s meg\u0151rizni a tart\u00f3s, aranybarna b\u0151rsz\u00ednt, mik\u00f6zben \u00e1polj\u00e1k is a b\u0151r\u00f6det. Fedezd fel a Yodeyma <b>parf\u00fcm<\/b>csal\u00e1dot is, amely sz\u00e9les v\u00e1laszt\u00e9k\u00e1val \u00e9s kedvez\u0151 \u00e1raival biztosan elnyeri tetsz\u00e9sedet. Pr\u00f3b\u00e1ld ki egyedi <b>lak\u00e1sillatos\u00edt\u00f3 <\/b>term\u00e9k\u00fcnket is, amely nemcsak kellemes, hanem hosszan tart\u00f3 illatot var\u00e1zsol otthonodba. V\u00e1s\u00e1rolj online, \u00e9s mi h\u00e1zhoz sz\u00e1ll\u00edtjuk v\u00e1lasztott term\u00e9keidet, vagy l\u00e1togass el hozz\u00e1nk, \u00e9s seg\u00edt\u00fcnk megtal\u00e1lni a sz\u00e1modra t\u00f6k\u00e9letes illatokat. Friss\u00edtsd fel a mindennapokat a KiwiSun k\u00fcl\u00f6nleges term\u00e9keivel!<\/span><\/p>\t\t\t\t\t\t\t\t<\/div>\n\t\t\t\t<\/div>\n\t\t\t\t<div class=\"elementor-element elementor-element-d6ea828 elementor-widget elementor-widget-button\" data-id=\"d6ea828\" data-element_type=\"widget\" data-e-type=\"widget\" data-widget_type=\"button.default\">\n\t\t\t\t<div class=\"elementor-widget-container\">\n\t\t\t\t\t\t\t\t\t<div class=\"elementor-button-wrapper\">\n\t\t\t\t\t<a class=\"elementor-button elementor-button-link elementor-size-sm\" href=\"https:\/\/royalbeauty.hu\/en\/shop\/\">\n\t\t\t\t\t\t<span class=\"elementor-button-content-wrapper\">\n\t\t\t\t\t\t\t\t\t<span class=\"elementor-button-text\">Tov\u00e1bbi inform\u00e1ci\u00f3k<\/span>\n\t\t\t\t\t<\/span>\n\t\t\t\t\t<\/a>\n\t\t\t\t<\/div>\n\t\t\t\t\t\t\t\t<\/div>\n\t\t\t\t<\/div>\n\t\t\t\t<\/div>\n\t\t<div class=\"elementor-element elementor-element-bc90273 e-con-full animated-slow e-flex elementor-invisible e-con e-child\" data-id=\"bc90273\" data-element_type=\"container\" data-e-type=\"container\" data-settings=\"{&quot;animation&quot;:&quot;bounceInDown&quot;}\">\n\t\t\t\t<div class=\"elementor-element elementor-element-eeb7cbe elementor-widget elementor-widget-image\" data-id=\"eeb7cbe\" data-element_type=\"widget\" data-e-type=\"widget\" data-widget_type=\"image.default\">\n\t\t\t\t<div class=\"elementor-widget-container\">\n\t\t\t\t\t\t\t\t\t\t\t\t\t\t\t<img decoding=\"async\" width=\"900\" height=\"600\" src=\"https:\/\/royalbeauty.hu\/wp-content\/uploads\/2024\/11\/KiwisunSiofok-30-1024x683.webp\" class=\"attachment-large size-large wp-image-839\" alt=\"\" srcset=\"https:\/\/royalbeauty.hu\/wp-content\/uploads\/2024\/11\/KiwisunSiofok-30-1024x683.webp 1024w, https:\/\/royalbeauty.hu\/wp-content\/uploads\/2024\/11\/KiwisunSiofok-30-300x200.webp 300w, https:\/\/royalbeauty.hu\/wp-content\/uploads\/2024\/11\/KiwisunSiofok-30-768x512.webp 768w, https:\/\/royalbeauty.hu\/wp-content\/uploads\/2024\/11\/KiwisunSiofok-30-1536x1024.webp 1536w, https:\/\/royalbeauty.hu\/wp-content\/uploads\/2024\/11\/KiwisunSiofok-30-2048x1365.webp 2048w, https:\/\/royalbeauty.hu\/wp-content\/uploads\/2024\/11\/KiwisunSiofok-30-600x400.webp 600w\" sizes=\"(max-width: 900px) 100vw, 900px\" \/>\t\t\t\t\t\t\t\t\t\t\t\t\t\t\t<\/div>\n\t\t\t\t<\/div>\n\t\t\t\t<\/div>\n\t\t\t\t\t<\/div>\n\t\t\t\t<\/div>\n\t\t<div class=\"elementor-element elementor-element-f311d19 animated-slow e-flex e-con-boxed elementor-invisible e-con e-parent\" data-id=\"f311d19\" data-element_type=\"container\" data-e-type=\"container\" data-settings=\"{&quot;background_background&quot;:&quot;classic&quot;,&quot;animation&quot;:&quot;fadeIn&quot;}\">\n\t\t\t\t\t<div class=\"e-con-inner\">\n\t\t<div class=\"elementor-element elementor-element-a34673b e-con-full e-flex e-con e-child\" data-id=\"a34673b\" data-element_type=\"container\" data-e-type=\"container\" data-settings=\"{&quot;background_background&quot;:&quot;classic&quot;}\">\n\t\t\t\t<div class=\"elementor-element elementor-element-7212b3c elementor-widget elementor-widget-jet-form-builder-form\" data-id=\"7212b3c\" data-element_type=\"widget\" data-e-type=\"widget\" data-widget_type=\"jet-form-builder-form.default\">\n\t\t\t\t<div class=\"elementor-widget-container\">\n\t\t\t\t\t<link rel='stylesheet' id='wp-block-library-css' href='https:\/\/royalbeauty.hu\/wp-includes\/css\/dist\/block-library\/style.min.css?ver=6.9.4' media='all' \/>\n<style id=\"jet-form-builder-78-inline-css\"><\/style><form  class=\"jet-form-builder layout-column submit-type-reload\" action=\"https:\/\/royalbeauty.hu\/en\/wp-json\/wp\/v2\/pages\/21\/?4AiTZx=ID9sdlnuRR&amp;method=reload\" method=\"POST\" data-form-id=\"78\" data-layout=\"column\" enctype=\"multipart\/form-data\" novalidate=\"null\" ssr_validation_method=\"rest\"><input type=\"hidden\" id=\"_wpnonce\" name=\"_wpnonce\" value=\"cfe9565a19\" \/><input type=\"hidden\" name=\"_wp_http_referer\" value=\"\/en\/wp-json\/wp\/v2\/pages\/21\" \/>\r\n<input type=\"hidden\" name=\"_jfb_current_render_states[]\" value=\"DEFAULT.STATE\" data-jfb-sync \/><input type=\"hidden\" class=\"jet-form-builder__field hidden-field\" name=\"_jet_engine_booking_form_id\" data-field-name=\"_jet_engine_booking_form_id\" value=\"78\">\n<input type=\"hidden\" class=\"jet-form-builder__field hidden-field\" name=\"_jet_engine_refer\" data-field-name=\"_jet_engine_refer\" value=\"https:\/\/royalbeauty.hu\/en\/wp-json\/wp\/v2\/pages\/21\/\">\n<input type=\"hidden\" class=\"jet-form-builder__field hidden-field\" name=\"__queried_post_id\" data-field-name=\"__queried_post_id\" value=\"21\">\n<div  class=\"jet-form-builder-row field-type-text-field\" >\n<div class=\"jet-form-builder__label\">\r\n<div class=\"jet-form-builder__label-text\">N\u00e9v<\/div><\/div><div class=\"jet-form-builder__field-wrap\">\n\t\t\t\t<input placeholder=\"Neved\" name=\"name\" id=\"name\" type=\"text\" data-field-name=\"name\" class=\"jet-form-builder__field text-field\" data-jfb-sync=\"null\" autocomplete=\"off_JhvZgtci\">\n\t\t\t\t\t<\/div>\n<\/div>\n\n<div  class=\"jet-form-builder-row field-type-text-field\" >\n<div class=\"jet-form-builder__label\">\r\n<div class=\"jet-form-builder__label-text\">Email<\/div><\/div><div class=\"jet-form-builder__field-wrap\">\n\t\t\t\t<input placeholder=\"Email c\u00edmed\" name=\"email\" id=\"email\" type=\"email\" data-field-name=\"email\" class=\"jet-form-builder__field text-field\" data-jfb-sync=\"null\" autocomplete=\"off_8XtlN4MK\">\n\t\t\t\t\t<\/div>\n<\/div>\n\n<div  class=\"jet-form-builder-row field-type-textarea-field\" >\n<div class=\"jet-form-builder__label\">\r\n<div class=\"jet-form-builder__label-text\">\u00dczenet<\/div><\/div><div class=\"jet-form-builder__field-wrap\">\n\t\t<textarea class=\"jet-form-builder__field textarea-field\" placeholder=\"\u00dczenet sz\u00f6vege\" name=\"uzenet\" data-field-name=\"uzenet\" id=\"uzenet\" data-jfb-sync=\"null\"><\/textarea>\n\t<\/div>\n<\/div>\n\n<div  class=\"jet-form-builder-row field-type-submit-field\" >\n\t<div data-type=\"submit\" class=\"jet-form-builder__action-button-wrapper jet-form-builder__submit-wrap\">\n\t<button class=\"jet-form-builder__action-button jet-form-builder__submit submit-type-reload\" type=\"submit\">K\u00fcld\u00e9s<\/button>\n\t<\/div>\n\t\n<\/div>\t<div class=\"jet-form-builder-messages-wrap\" data-form-id=\"78\"><\/div>\n<\/form>\n\t\t\t\t<\/div>\n\t\t\t\t<\/div>\n\t\t\t\t<\/div>\n\t\t<div class=\"elementor-element elementor-element-dfec765 e-con-full e-flex e-con e-child\" data-id=\"dfec765\" data-element_type=\"container\" data-e-type=\"container\">\n\t\t\t\t<div class=\"elementor-element elementor-element-c83a129 elementor-widget elementor-widget-google_maps\" data-id=\"c83a129\" data-element_type=\"widget\" data-e-type=\"widget\" data-widget_type=\"google_maps.default\">\n\t\t\t\t<div class=\"elementor-widget-container\">\n\t\t\t\t\t\t\t<div class=\"elementor-custom-embed\">\n\t\t\t<iframe loading=\"lazy\"\n\t\t\t\t\tsrc=\"https:\/\/maps.google.com\/maps?q=Si%C3%B3fok%2C%20F%C5%91%20u.%20160%2C%208600&#038;t=m&#038;z=12&#038;output=embed&#038;iwloc=near\"\n\t\t\t\t\ttitle=\"Si\u00f3fok, F\u0151 u. 160, 8600\"\n\t\t\t\t\taria-label=\"Si\u00f3fok, F\u0151 u. 160, 8600\"\n\t\t\t><\/iframe>\n\t\t<\/div>\n\t\t\t\t\t\t<\/div>\n\t\t\t\t<\/div>\n\t\t\t\t<\/div>\n\t\t\t\t\t<\/div>\n\t\t\t\t<\/div>\n\t\t<div class=\"elementor-element elementor-element-2d361ce e-flex e-con-boxed e-con e-parent\" data-id=\"2d361ce\" data-element_type=\"container\" data-e-type=\"container\">\n\t\t\t\t\t<div class=\"e-con-inner\">\n\t\t\t\t<div class=\"elementor-element elementor-element-e6e0545 elementor-widget elementor-widget-html\" data-id=\"e6e0545\" data-element_type=\"widget\" data-e-type=\"widget\" data-widget_type=\"html.default\">\n\t\t\t\t<div class=\"elementor-widget-container\">\n\t\t\t\t\t<iframe width=\"100%\" height=\"640\" frameborder=\"0\" allow=\"xr-spatial-tracking; gyroscope; accelerometer\" allowfullscreen scrolling=\"no\" src=\"https:\/\/kuula.co\/share\/collection\/7K3p4?logo=1&info=0&fs=1&vr=1&zoom=1&sd=1&autorotate=0.24&thumbs=2&inst=0\"><\/iframe>\t\t\t\t<\/div>\n\t\t\t\t<\/div>\n\t\t\t\t\t<\/div>\n\t\t\t\t<\/div>\n\t\t\t\t<\/div>\n\t\t","protected":false},"excerpt":{"rendered":"<p>Fedezd fel a si\u00f3foki KiwiSun bioszol\u00e1riumot aRoyalbeauty sz\u00e9ps\u00e9gszalonban! N\u00e1lunk gy\u00f6ny\u00f6r\u0171, eg\u00e9szs\u00e9ges barnas\u00e1got\u00a0\u00e9rhetsz el k\u00edm\u00e9letes, modern, kvarc- \u00e9s halog\u00e9nmentes technol\u00f3gi\u00e1nkkal, amely nem sz\u00e1r\u00edtja \u00e9s nem r\u00e1ncos\u00edtja b\u0151r\u00f6det. Szalonunkban \u00e1ll\u00f3 \u00e9s fekv\u0151 szol\u00e1riumok\u00a0v\u00e1rnak r\u00e1d, amelyek biztons\u00e1gosak \u00e9s hat\u00e9konyak. \u00d6t k\u00fcl\u00f6nb\u00f6z\u0151 er\u0151ss\u00e9g\u0171 g\u00e9p\u00fcnk k\u00f6z\u00fcl biztosan megtal\u00e1lod b\u0151r\u00f6dnek a legmegfelel\u0151bbet a t\u00f6k\u00e9letes barnul\u00e1shoz. Speci\u00e1lis szol\u00e1rium kozmetikumok nemcsak gyors\u00edtj\u00e1k, de &#8230; <a title=\"Royalbeauty\" class=\"read-more\" href=\"https:\/\/royalbeauty.hu\/en\/\" aria-label=\"Read more about Royalbeauty\">Read more<\/a><\/p>","protected":false},"author":1,"featured_media":0,"parent":0,"menu_order":0,"comment_status":"closed","ping_status":"closed","template":"elementor_header_footer","meta":{"footnotes":""},"class_list":["post-21","page","type-page","status-publish"],"_links":{"self":[{"href":"https:\/\/royalbeauty.hu\/en\/wp-json\/wp\/v2\/pages\/21","targetHints":{"allow":["GET"]}}],"collection":[{"href":"https:\/\/royalbeauty.hu\/en\/wp-json\/wp\/v2\/pages"}],"about":[{"href":"https:\/\/royalbeauty.hu\/en\/wp-json\/wp\/v2\/types\/page"}],"author":[{"embeddable":true,"href":"https:\/\/royalbeauty.hu\/en\/wp-json\/wp\/v2\/users\/1"}],"replies":[{"embeddable":true,"href":"https:\/\/royalbeauty.hu\/en\/wp-json\/wp\/v2\/comments?post=21"}],"version-history":[{"count":116,"href":"https:\/\/royalbeauty.hu\/en\/wp-json\/wp\/v2\/pages\/21\/revisions"}],"predecessor-version":[{"id":1385,"href":"https:\/\/royalbeauty.hu\/en\/wp-json\/wp\/v2\/pages\/21\/revisions\/1385"}],"wp:attachment":[{"href":"https:\/\/royalbeauty.hu\/en\/wp-json\/wp\/v2\/media?parent=21"}],"curies":[{"name":"wp","href":"https:\/\/api.w.org\/{rel}","templated":true}]}}