{"id":1462,"date":"2025-09-11T11:42:26","date_gmt":"2025-09-11T10:42:26","guid":{"rendered":"https:\/\/royalbeauty.hu\/?page_id=1462"},"modified":"2025-09-11T12:13:10","modified_gmt":"2025-09-11T11:13:10","slug":"karrier","status":"publish","type":"page","link":"https:\/\/royalbeauty.hu\/en\/karrier\/","title":{"rendered":"Karrier"},"content":{"rendered":"<div data-elementor-type=\"wp-page\" data-elementor-id=\"1462\" class=\"elementor elementor-1462\" data-elementor-post-type=\"page\">\n\t\t\t\t<div class=\"elementor-element elementor-element-f2a9526 e-con-full e-flex e-con e-parent\" data-id=\"f2a9526\" data-element_type=\"container\" data-e-type=\"container\" data-settings=\"{&quot;background_background&quot;:&quot;classic&quot;}\">\n\t\t<div class=\"elementor-element elementor-element-f0265ff e-flex e-con-boxed e-con e-child\" data-id=\"f0265ff\" data-element_type=\"container\" data-e-type=\"container\">\n\t\t\t\t\t<div class=\"e-con-inner\">\n\t\t\t\t<div class=\"elementor-element elementor-element-190df7d elementor-widget elementor-widget-heading\" data-id=\"190df7d\" data-element_type=\"widget\" data-e-type=\"widget\" data-widget_type=\"heading.default\">\n\t\t\t\t<div class=\"elementor-widget-container\">\n\t\t\t\t\t<h2 class=\"elementor-heading-title elementor-size-default\"> L\u00e9gy Te a KIWI SUN mosolya! P\u00f6rg\u0151s recepci\u00f3s munka Si\u00f3fok legtrendibb szolij\u00e1ban<\/h2>\t\t\t\t<\/div>\n\t\t\t\t<\/div>\n\t\t\t\t<div class=\"elementor-element elementor-element-6c1889f elementor-align-center elementor-widget elementor-widget-button\" data-id=\"6c1889f\" data-element_type=\"widget\" data-e-type=\"widget\" data-widget_type=\"button.default\">\n\t\t\t\t<div class=\"elementor-widget-container\">\n\t\t\t\t\t\t\t\t\t<div class=\"elementor-button-wrapper\">\n\t\t\t\t\t<a class=\"elementor-button elementor-button-link elementor-size-sm\" href=\"#jelentkezz\">\n\t\t\t\t\t\t<span class=\"elementor-button-content-wrapper\">\n\t\t\t\t\t\t\t\t\t<span class=\"elementor-button-text\">JELENTKEZZ MOST<\/span>\n\t\t\t\t\t<\/span>\n\t\t\t\t\t<\/a>\n\t\t\t\t<\/div>\n\t\t\t\t\t\t\t\t<\/div>\n\t\t\t\t<\/div>\n\t\t\t\t\t<\/div>\n\t\t\t\t<\/div>\n\t\t\t\t<\/div>\n\t\t<div class=\"elementor-element elementor-element-efee8f2 e-flex e-con-boxed e-con e-parent\" data-id=\"efee8f2\" data-element_type=\"container\" data-e-type=\"container\">\n\t\t\t\t\t<div class=\"e-con-inner\">\n\t\t<div class=\"elementor-element elementor-element-68ff942 e-con-full e-flex e-con e-child\" data-id=\"68ff942\" data-element_type=\"container\" data-e-type=\"container\">\n\t\t\t\t<div class=\"elementor-element elementor-element-3eec161 elementor-widget elementor-widget-text-editor\" data-id=\"3eec161\" data-element_type=\"widget\" data-e-type=\"widget\" data-widget_type=\"text-editor.default\">\n\t\t\t\t<div class=\"elementor-widget-container\">\n\t\t\t\t\t\t\t\t\t<h3>Feladataid lesznek:<\/h3><ul><li><p>Vend\u00e9gek bar\u00e1ts\u00e1gos fogad\u00e1sa, t\u00e1j\u00e9koztat\u00e1sa \u00e9s id\u0151pontok kezel\u00e9se<\/p><\/li><li><p>P\u00e9nzt\u00e1r kezel\u00e9s, adminisztr\u00e1ci\u00f3, napi z\u00e1r\u00e1sok<\/p><\/li><li><p>Szol\u00e1riumg\u00e9pek \u00e9s az \u00fczlet tiszt\u00e1n tart\u00e1sa<\/p><\/li><li><p>Term\u00e9kaj\u00e1nl\u00e1s (pl. szolikr\u00e9mek) \u00e9s k\u00e9szletfigyel\u00e9s<\/p><\/li><li><p>Akci\u00f3k, kamp\u00e1nyok \u00e9s k\u00f6z\u00f6ss\u00e9gi m\u00e9dia aktivit\u00e1s t\u00e1mogat\u00e1sa<\/p><\/li><\/ul><h3>\u00a0Mit v\u00e1runk T\u0151led?<\/h3><ul><li><p>Kiv\u00e1l\u00f3 kommunik\u00e1ci\u00f3s k\u00e9szs\u00e9g, kedvess\u00e9g \u00e9s vend\u00e9gszeretet<\/p><\/li><li><p>Precizit\u00e1s, megb\u00edzhat\u00f3s\u00e1g, alapszint\u0171 sz\u00e1m\u00edt\u00f3g\u00e9pes ismeretek<\/p><\/li><li><p>Ig\u00e9nyes megjelen\u00e9s, pozit\u00edv hozz\u00e1\u00e1ll\u00e1s<\/p><\/li><\/ul>\t\t\t\t\t\t\t\t<\/div>\n\t\t\t\t<\/div>\n\t\t\t\t<\/div>\n\t\t<div class=\"elementor-element elementor-element-913b26b e-con-full e-flex e-con e-child\" data-id=\"913b26b\" data-element_type=\"container\" data-e-type=\"container\">\n\t\t\t\t<div class=\"elementor-element elementor-element-62cd476 elementor-widget elementor-widget-text-editor\" data-id=\"62cd476\" data-element_type=\"widget\" data-e-type=\"widget\" data-widget_type=\"text-editor.default\">\n\t\t\t\t<div class=\"elementor-widget-container\">\n\t\t\t\t\t\t\t\t\t<h3>\u00a0Amit k\u00edn\u00e1lunk:<\/h3><ul><li><p>Stabil, bejelentett munkahely<\/p><\/li><li><p>P\u00f6rg\u0151s, v\u00e1ltozatos munkanapok<\/p><\/li><li><p>Lehet\u0151s\u00e9g hossz\u00fa t\u00e1v\u00fa munk\u00e1ra \u00e9s fejl\u0151d\u00e9sre<\/p><\/li><li><p>Kedvezm\u00e9nyes szolg\u00e1ltat\u00e1sok<\/p><\/li><\/ul>\t\t\t\t\t\t\t\t<\/div>\n\t\t\t\t<\/div>\n\t\t\t\t<div class=\"elementor-element elementor-element-a444ee1 elementor-hidden-mobile elementor-widget elementor-widget-gallery\" data-id=\"a444ee1\" data-element_type=\"widget\" data-e-type=\"widget\" data-settings=\"{&quot;columns&quot;:2,&quot;lazyload&quot;:&quot;yes&quot;,&quot;gallery_layout&quot;:&quot;grid&quot;,&quot;columns_tablet&quot;:2,&quot;columns_mobile&quot;:1,&quot;gap&quot;:{&quot;unit&quot;:&quot;px&quot;,&quot;size&quot;:10,&quot;sizes&quot;:[]},&quot;gap_tablet&quot;:{&quot;unit&quot;:&quot;px&quot;,&quot;size&quot;:10,&quot;sizes&quot;:[]},&quot;gap_mobile&quot;:{&quot;unit&quot;:&quot;px&quot;,&quot;size&quot;:10,&quot;sizes&quot;:[]},&quot;link_to&quot;:&quot;file&quot;,&quot;aspect_ratio&quot;:&quot;3:2&quot;,&quot;overlay_background&quot;:&quot;yes&quot;,&quot;content_hover_animation&quot;:&quot;fade-in&quot;}\" data-widget_type=\"gallery.default\">\n\t\t\t\t<div class=\"elementor-widget-container\">\n\t\t\t\t\t\t\t<div class=\"elementor-gallery__container\">\n\t\t\t\t\t\t\t<a class=\"e-gallery-item elementor-gallery-item elementor-animated-content\" href=\"https:\/\/royalbeauty.hu\/wp-content\/uploads\/2024\/11\/KiwisunSiofok-13.webp\" data-elementor-open-lightbox=\"yes\" data-elementor-lightbox-slideshow=\"a444ee1\" data-elementor-lightbox-title=\"KiwisunSio\u0301fok-13\" data-e-action-hash=\"#elementor-action%3Aaction%3Dlightbox%26settings%3DeyJpZCI6NTUxLCJ1cmwiOiJodHRwczpcL1wvcm95YWxiZWF1dHkuaHVcL3dwLWNvbnRlbnRcL3VwbG9hZHNcLzIwMjRcLzExXC9LaXdpc3VuU2lvZm9rLTEzLndlYnAiLCJzbGlkZXNob3ciOiJhNDQ0ZWUxIn0%3D\">\n\t\t\t\t\t<div class=\"e-gallery-image elementor-gallery-item__image\" data-thumbnail=\"https:\/\/royalbeauty.hu\/wp-content\/uploads\/2024\/11\/KiwisunSiofok-13-300x200.webp\" data-width=\"300\" data-height=\"200\" aria-label=\"\" role=\"img\" ><\/div>\n\t\t\t\t\t\t\t\t\t\t\t<div class=\"elementor-gallery-item__overlay\"><\/div>\n\t\t\t\t\t\t\t\t\t\t\t\t\t\t<\/a>\n\t\t\t\t\t\t\t<a class=\"e-gallery-item elementor-gallery-item elementor-animated-content\" href=\"https:\/\/royalbeauty.hu\/wp-content\/uploads\/2024\/11\/KiwisunSiofok-3.webp\" data-elementor-open-lightbox=\"yes\" data-elementor-lightbox-slideshow=\"a444ee1\" data-elementor-lightbox-title=\"KiwisunSio\u0301fok-3\" data-e-action-hash=\"#elementor-action%3Aaction%3Dlightbox%26settings%3DeyJpZCI6NTUyLCJ1cmwiOiJodHRwczpcL1wvcm95YWxiZWF1dHkuaHVcL3dwLWNvbnRlbnRcL3VwbG9hZHNcLzIwMjRcLzExXC9LaXdpc3VuU2lvZm9rLTMud2VicCIsInNsaWRlc2hvdyI6ImE0NDRlZTEifQ%3D%3D\">\n\t\t\t\t\t<div class=\"e-gallery-image elementor-gallery-item__image\" data-thumbnail=\"https:\/\/royalbeauty.hu\/wp-content\/uploads\/2024\/11\/KiwisunSiofok-3-300x200.webp\" data-width=\"300\" data-height=\"200\" aria-label=\"\" role=\"img\" ><\/div>\n\t\t\t\t\t\t\t\t\t\t\t<div class=\"elementor-gallery-item__overlay\"><\/div>\n\t\t\t\t\t\t\t\t\t\t\t\t\t\t<\/a>\n\t\t\t\t\t\t\t<a class=\"e-gallery-item elementor-gallery-item elementor-animated-content\" href=\"https:\/\/royalbeauty.hu\/wp-content\/uploads\/2024\/11\/IMG_9256-scaled.webp\" data-elementor-open-lightbox=\"yes\" data-elementor-lightbox-slideshow=\"a444ee1\" data-elementor-lightbox-title=\"IMG_9256\" data-e-action-hash=\"#elementor-action%3Aaction%3Dlightbox%26settings%3DeyJpZCI6NTU0LCJ1cmwiOiJodHRwczpcL1wvcm95YWxiZWF1dHkuaHVcL3dwLWNvbnRlbnRcL3VwbG9hZHNcLzIwMjRcLzExXC9JTUdfOTI1Ni1zY2FsZWQud2VicCIsInNsaWRlc2hvdyI6ImE0NDRlZTEifQ%3D%3D\">\n\t\t\t\t\t<div class=\"e-gallery-image elementor-gallery-item__image\" data-thumbnail=\"https:\/\/royalbeauty.hu\/wp-content\/uploads\/2024\/11\/IMG_9256-300x225.webp\" data-width=\"300\" data-height=\"225\" aria-label=\"\" role=\"img\" ><\/div>\n\t\t\t\t\t\t\t\t\t\t\t<div class=\"elementor-gallery-item__overlay\"><\/div>\n\t\t\t\t\t\t\t\t\t\t\t\t\t\t<\/a>\n\t\t\t\t\t\t\t<a class=\"e-gallery-item elementor-gallery-item elementor-animated-content\" href=\"https:\/\/royalbeauty.hu\/wp-content\/uploads\/2024\/10\/KiwisunSiofok-21.webp\" data-elementor-open-lightbox=\"yes\" data-elementor-lightbox-slideshow=\"a444ee1\" data-elementor-lightbox-title=\"KiwisunSi\u00f3fok-21\" data-e-action-hash=\"#elementor-action%3Aaction%3Dlightbox%26settings%3DeyJpZCI6MTUzLCJ1cmwiOiJodHRwczpcL1wvcm95YWxiZWF1dHkuaHVcL3dwLWNvbnRlbnRcL3VwbG9hZHNcLzIwMjRcLzEwXC9LaXdpc3VuU2lvZm9rLTIxLndlYnAiLCJzbGlkZXNob3ciOiJhNDQ0ZWUxIn0%3D\">\n\t\t\t\t\t<div class=\"e-gallery-image elementor-gallery-item__image\" data-thumbnail=\"https:\/\/royalbeauty.hu\/wp-content\/uploads\/2024\/10\/KiwisunSiofok-21-200x300.webp\" data-width=\"200\" data-height=\"300\" aria-label=\"\" role=\"img\" ><\/div>\n\t\t\t\t\t\t\t\t\t\t\t<div class=\"elementor-gallery-item__overlay\"><\/div>\n\t\t\t\t\t\t\t\t\t\t\t\t\t\t<\/a>\n\t\t\t\t\t<\/div>\n\t\t\t\t\t<\/div>\n\t\t\t\t<\/div>\n\t\t\t\t<\/div>\n\t\t\t\t\t<\/div>\n\t\t\t\t<\/div>\n\t\t<div class=\"elementor-element elementor-element-566db8e e-flex e-con-boxed e-con e-parent\" data-id=\"566db8e\" data-element_type=\"container\" data-e-type=\"container\">\n\t\t\t\t\t<div class=\"e-con-inner\">\n\t\t\t\t<div class=\"elementor-element elementor-element-88e8ab2 elementor-widget-divider--view-line elementor-widget elementor-widget-divider\" data-id=\"88e8ab2\" data-element_type=\"widget\" data-e-type=\"widget\" data-widget_type=\"divider.default\">\n\t\t\t\t<div class=\"elementor-widget-container\">\n\t\t\t\t\t\t\t<div class=\"elementor-divider\">\n\t\t\t<span class=\"elementor-divider-separator\">\n\t\t\t\t\t\t<\/span>\n\t\t<\/div>\n\t\t\t\t\t\t<\/div>\n\t\t\t\t<\/div>\n\t\t\t\t\t<\/div>\n\t\t\t\t<\/div>\n\t\t<div class=\"elementor-element elementor-element-a4ce0b5 e-flex e-con-boxed e-con e-parent\" data-id=\"a4ce0b5\" data-element_type=\"container\" data-e-type=\"container\">\n\t\t\t\t\t<div class=\"e-con-inner\">\n\t\t\t\t<div class=\"elementor-element elementor-element-2cb4bf7 elementor-widget elementor-widget-text-editor\" data-id=\"2cb4bf7\" data-element_type=\"widget\" data-e-type=\"widget\" data-widget_type=\"text-editor.default\">\n\t\t\t\t<div class=\"elementor-widget-container\">\n\t\t\t\t\t\t\t\t\tJelentkezz most f\u00e9nyk\u00e9pes \u00f6n\u00e9letrajzoddal a <a rel=\"noopener\">hr@sparadise.hu<\/a> c\u00edmen!\nHelysz\u00edn: KiwiSun Royal Beauty \u2013 Si\u00f3fok, F\u0151 utca 156\u2013160.\nL\u00e9pj be a ragyog\u00e1s vil\u00e1g\u00e1ba \u2013 v\u00e1r a KiwiSun!<\/strong>\t\t\t\t\t\t\t\t<\/div>\n\t\t\t\t<\/div>\n\t\t\t\t\t<\/div>\n\t\t\t\t<\/div>\n\t\t<div class=\"elementor-element elementor-element-21410d6 e-flex e-con-boxed e-con e-parent\" data-id=\"21410d6\" data-element_type=\"container\" data-e-type=\"container\">\n\t\t\t\t\t<div class=\"e-con-inner\">\n\t\t<div class=\"elementor-element elementor-element-f2694e5 e-con-full e-flex e-con e-child\" data-id=\"f2694e5\" data-element_type=\"container\" data-e-type=\"container\">\n\t\t\t\t<div class=\"elementor-element elementor-element-d9f0586 elementor-widget elementor-widget-menu-anchor\" data-id=\"d9f0586\" data-element_type=\"widget\" data-e-type=\"widget\" data-widget_type=\"menu-anchor.default\">\n\t\t\t\t<div class=\"elementor-widget-container\">\n\t\t\t\t\t\t\t<div class=\"elementor-menu-anchor\" id=\"jelentkezz\"><\/div>\n\t\t\t\t\t\t<\/div>\n\t\t\t\t<\/div>\n\t\t\t\t<div class=\"elementor-element elementor-element-cc2677e elementor-widget elementor-widget-jet-form-builder-form\" data-id=\"cc2677e\" data-element_type=\"widget\" data-e-type=\"widget\" data-widget_type=\"jet-form-builder-form.default\">\n\t\t\t\t<div class=\"elementor-widget-container\">\n\t\t\t\t\t<link rel='stylesheet' id='wp-block-library-css' href='https:\/\/royalbeauty.hu\/wp-includes\/css\/dist\/block-library\/style.min.css?ver=6.9.4' media='all' \/>\n<style id=\"jet-form-builder-1478-inline-css\"><\/style><form  class=\"jet-form-builder layout-column submit-type-reload\" action=\"https:\/\/royalbeauty.hu\/en\/wp-json\/wp\/v2\/pages\/1462\/?4AiTZx=ID9sdlnuRR&#038;method=reload\" method=\"POST\" data-form-id=\"1478\" data-layout=\"column\" enctype=\"multipart\/form-data\" novalidate=\"null\" ssr_validation_method=\"rest\" data-trp-original-action=\"https:\/\/royalbeauty.hu\/en\/wp-json\/wp\/v2\/pages\/1462\/?4AiTZx=ID9sdlnuRR&amp;method=reload\"><input type=\"hidden\" id=\"_wpnonce\" name=\"_wpnonce\" value=\"b035d85865\" \/><input type=\"hidden\" name=\"_wp_http_referer\" value=\"\/en\/wp-json\/wp\/v2\/pages\/1462\" \/>\r\n<input type=\"hidden\" name=\"_jfb_current_render_states[]\" value=\"DEFAULT.STATE\" data-jfb-sync \/><input type=\"hidden\" class=\"jet-form-builder__field hidden-field\" name=\"_jet_engine_booking_form_id\" data-field-name=\"_jet_engine_booking_form_id\" value=\"1478\">\n<input type=\"hidden\" class=\"jet-form-builder__field hidden-field\" name=\"_jet_engine_refer\" data-field-name=\"_jet_engine_refer\" value=\"https:\/\/royalbeauty.hu\/en\/wp-json\/wp\/v2\/pages\/1462\/\">\n<input type=\"hidden\" class=\"jet-form-builder__field hidden-field\" name=\"__queried_post_id\" data-field-name=\"__queried_post_id\" value=\"1462\">\n<div  class=\"jet-form-builder-row field-type-text-field\" >\n<div class=\"jet-form-builder__label\">\r\n<div class=\"jet-form-builder__label-text\">N\u00e9v<\/div><\/div><div class=\"jet-form-builder__field-wrap\">\n\t\t\t\t<input placeholder=\"Neved\" name=\"name\" id=\"name\" type=\"text\" data-field-name=\"name\" class=\"jet-form-builder__field text-field\" data-jfb-sync=\"null\" autocomplete=\"off_fMR5CzPc\">\n\t\t\t\t\t<\/div>\n<\/div>\n\n<div  class=\"jet-form-builder-row field-type-text-field\" >\n<div class=\"jet-form-builder__label\">\r\n<div class=\"jet-form-builder__label-text\">Email<\/div><\/div><div class=\"jet-form-builder__field-wrap\">\n\t\t\t\t<input placeholder=\"Email c\u00edmed\" name=\"email\" id=\"email\" type=\"email\" data-field-name=\"email\" class=\"jet-form-builder__field text-field\" data-jfb-sync=\"null\" autocomplete=\"off_dRN8LCwz\">\n\t\t\t\t\t<\/div>\n<\/div>\n\n<div  class=\"jet-form-builder-row field-type-text-field\" >\n<div class=\"jet-form-builder__label\">\r\n<div class=\"jet-form-builder__label-text\">Telefonsz\u00e1m<\/div><\/div><div class=\"jet-form-builder__field-wrap\">\n\t\t\t\t<input placeholder=\"Telefonsz\u00e1mod\" name=\"phone\" id=\"phone\" type=\"tel\" data-field-name=\"phone\" class=\"jet-form-builder__field text-field\" data-jfb-sync=\"null\" autocomplete=\"off_0Db3mnRY\">\n\t\t\t\t\t<\/div>\n<\/div>\n\n\n<p><\/p>\n\n\n<div  class=\"jet-form-builder-row field-type-textarea-field\" >\n<div class=\"jet-form-builder__label\">\r\n<div class=\"jet-form-builder__label-text\">\u00dczenet<\/div><\/div><div class=\"jet-form-builder__field-wrap\">\n\t\t<textarea class=\"jet-form-builder__field textarea-field\" placeholder=\"\u00dczenet sz\u00f6vege\" name=\"uzenet\" data-field-name=\"uzenet\" id=\"uzenet\" data-jfb-sync=\"null\"><\/textarea>\n\t<\/div>\n<\/div>\n\n<div  class=\"jet-form-builder-row field-type-media-field\" >\n<template class=\"jet-form-builder__preview-template\"><div class=\"jet-form-builder-file-upload__file\" data-file=\"%file_url%\">\n\t<!-- preview -->\n\t<!-- field -->\n\t<div class=\"jet-form-builder-file-upload__file-remove\" data-file-name=\"%file_name%\">\n\t\t<svg width=\"22\" height=\"22\" viewbox=\"0 0 14 15\" fill=\"none\" xmlns=\"http:\/\/www.w3.org\/2000\/svg\">\n\t\t\t<path d=\"M4.375 7H6.125V12.25H4.375V7ZM7.875 7H9.625V12.25H7.875V7ZM10.5 1.75C10.5 1.51302 10.4134 1.30794 10.2402 1.13477C10.0762 0.961589 9.87109 0.875 9.625 0.875H4.375C4.12891 0.875 3.91927 0.961589 3.74609 1.13477C3.58203 1.30794 3.5 1.51302 3.5 1.75V3.5H0V5.25H0.875V14C0.875 14.237 0.957031 14.4421 1.12109 14.6152C1.29427 14.7884 1.50391 14.875 1.75 14.875H12.25C12.4961 14.875 12.7012 14.7884 12.8652 14.6152C13.0384 14.4421 13.125 14.237 13.125 14V5.25H14V3.5H10.5V1.75ZM5.25 2.625H8.75V3.5H5.25V2.625ZM11.375 5.25V13.125H2.625V5.25H11.375Z\"><\/path>\n\t\t<\/svg>\n\t<\/div>\n\t<span\n\t\t\tclass=\"jet-form-builder-file-upload__file-invalid-marker\"\n\t\t\tstyle=\"display: none\">\n\t\t<svg xmlns=\"http:\/\/www.w3.org\/2000\/svg\" viewbox=\"0 0 20 20\" fill=\"currentcolor\" width=\"24\" height=\"24\" aria-hidden=\"true\" focusable=\"false\"><path d=\"M10 2c4.42 0 8 3.58 8 8s-3.58 8-8 8-8-3.58-8-8 3.58-8 8-8zm1.13 9.38l.35-6.46H8.52l.35 6.46h2.26zm-.09 3.36c.24-.23.37-.55.37-.96 0-.42-.12-.74-.36-.97s-.59-.35-1.06-.35-.82.12-1.07.35-.37.55-.37.97c0 .41.13.73.38.96.26.23.61.34 1.06.34s.8-.11 1.05-.34z\"><\/path><\/svg>\n\t<\/span>\n\t<!-- footer -->\n<\/div>\n<\/template><div class=\"jet-form-builder__label\">\r\n<div class=\"jet-form-builder__label-text\">\u00dcn\u00e9letrajz <\/div><\/div><div class=\"jet-form-builder__field-wrap jet-form-builder-file-upload\">\n\t\t<div class=\"jet-form-builder-file-upload__content\">\n\t\t<div class=\"jet-form-builder-file-upload__loader\"><svg xmlns=\"http:\/\/www.w3.org\/2000\/svg\" width=\"38\" height=\"38\" viewbox=\"0 0 38 38\" stroke=\"#fff\"><g fill=\"none\" fill-rule=\"evenodd\"><g transform=\"translate(1 1)\" stroke-width=\"2\"><circle stroke-opacity=\".5\" cx=\"18\" cy=\"18\" r=\"18\"\/><path d=\"M36 18c0-9.94-8.06-18-18-18\" transform=\"rotate(137.826 18 18)\"><animatetransform attributename=\"transform\" type=\"rotate\" from=\"0 18 18\" to=\"360 18 18\" dur=\"1s\" repeatcount=\"indefinite\"\/><\/path><\/g><\/g><\/svg><\/div>\t\t<div class=\"jet-form-builder-file-upload__files\" data-args=\"{&quot;max_files&quot;:1,&quot;max_size&quot;:2097152}\">\n\t\t\t\t\t<\/div>\n\t<\/div>\n\t<div class=\"jet-form-builder-file-upload__fields\">\n\t\t<input class=\"jet-form-builder__field file-field jet-form-builder-file-upload__input\" name=\"oneletrajz\" data-field-name=\"oneletrajz\" type=\"file\" data-form_id=\"1478\" id=\"oneletrajz\" data-jfb-sync=\"null\" data-max_size=\"2097152\">\n\t<\/div>\n\t<div class=\"jet-form-builder-file-upload__message\"><small>Maximum file size: 2 MB<\/small><\/div>\n\t<div class=\"jet-form-builder-file-upload__errors is-hidden\"><\/div>\n\t<\/div><div class=\"jet-form-builder__desc\"><small>T\u00f6lsd fel \u00f6n\u00e9letrajzod. A f\u00e1jl maximum 2MB lehet!<\/small><\/div>\n<\/div>\n\n<div  class=\"jet-form-builder-row field-type-submit-field\" >\n\t<div data-type=\"submit\" class=\"jet-form-builder__action-button-wrapper jet-form-builder__submit-wrap\">\n\t<button class=\"jet-form-builder__action-button jet-form-builder__submit submit-type-reload\" type=\"submit\">JELENTKEZEK<\/button>\n\t<\/div>\n\t\n<\/div>\t<div class=\"jet-form-builder-messages-wrap\" data-form-id=\"1478\"><\/div>\n<input type=\"hidden\" name=\"trp-form-language\" value=\"en\"\/><\/form>\n\t\t\t\t<\/div>\n\t\t\t\t<\/div>\n\t\t\t\t<\/div>\n\t\t\t\t\t<\/div>\n\t\t\t\t<\/div>\n\t\t\t\t<\/div>","protected":false},"excerpt":{"rendered":"<p>L\u00e9gy Te a KIWI SUN mosolya! P\u00f6rg\u0151s recepci\u00f3s munka Si\u00f3fok legtrendibb szolij\u00e1ban JELENTKEZZ MOST Feladataid lesznek: Vend\u00e9gek bar\u00e1ts\u00e1gos fogad\u00e1sa, t\u00e1j\u00e9koztat\u00e1sa \u00e9s id\u0151pontok kezel\u00e9se P\u00e9nzt\u00e1r kezel\u00e9s, adminisztr\u00e1ci\u00f3, napi z\u00e1r\u00e1sok Szol\u00e1riumg\u00e9pek \u00e9s az \u00fczlet tiszt\u00e1n tart\u00e1sa Term\u00e9kaj\u00e1nl\u00e1s (pl. szolikr\u00e9mek) \u00e9s k\u00e9szletfigyel\u00e9s Akci\u00f3k, kamp\u00e1nyok \u00e9s k\u00f6z\u00f6ss\u00e9gi m\u00e9dia aktivit\u00e1s t\u00e1mogat\u00e1sa \u00a0Mit v\u00e1runk T\u0151led? Kiv\u00e1l\u00f3 kommunik\u00e1ci\u00f3s k\u00e9szs\u00e9g, kedvess\u00e9g \u00e9s vend\u00e9gszeretet &#8230; <a title=\"Karrier\" class=\"read-more\" href=\"https:\/\/royalbeauty.hu\/en\/karrier\/\" aria-label=\"Read more about Karrier\">Read more<\/a><\/p>","protected":false},"author":1,"featured_media":0,"parent":0,"menu_order":0,"comment_status":"closed","ping_status":"closed","template":"elementor_header_footer","meta":{"footnotes":""},"class_list":["post-1462","page","type-page","status-publish"],"_links":{"self":[{"href":"https:\/\/royalbeauty.hu\/en\/wp-json\/wp\/v2\/pages\/1462","targetHints":{"allow":["GET"]}}],"collection":[{"href":"https:\/\/royalbeauty.hu\/en\/wp-json\/wp\/v2\/pages"}],"about":[{"href":"https:\/\/royalbeauty.hu\/en\/wp-json\/wp\/v2\/types\/page"}],"author":[{"embeddable":true,"href":"https:\/\/royalbeauty.hu\/en\/wp-json\/wp\/v2\/users\/1"}],"replies":[{"embeddable":true,"href":"https:\/\/royalbeauty.hu\/en\/wp-json\/wp\/v2\/comments?post=1462"}],"version-history":[{"count":43,"href":"https:\/\/royalbeauty.hu\/en\/wp-json\/wp\/v2\/pages\/1462\/revisions"}],"predecessor-version":[{"id":1520,"href":"https:\/\/royalbeauty.hu\/en\/wp-json\/wp\/v2\/pages\/1462\/revisions\/1520"}],"wp:attachment":[{"href":"https:\/\/royalbeauty.hu\/en\/wp-json\/wp\/v2\/media?parent=1462"}],"curies":[{"name":"wp","href":"https:\/\/api.w.org\/{rel}","templated":true}]}}