{"id":1325,"date":"2025-03-13T08:59:10","date_gmt":"2025-03-13T07:59:10","guid":{"rendered":"https:\/\/royalbeauty.hu\/?page_id=1325"},"modified":"2025-03-20T09:13:22","modified_gmt":"2025-03-20T08:13:22","slug":"berelheto","status":"publish","type":"page","link":"https:\/\/royalbeauty.hu\/en\/berelheto\/","title":{"rendered":"B\u00e9relhet\u0151"},"content":{"rendered":"<div data-elementor-type=\"wp-page\" data-elementor-id=\"1325\" class=\"elementor elementor-1325\" data-elementor-post-type=\"page\">\n\t\t\t\t<div class=\"elementor-element elementor-element-61007bd e-flex e-con-boxed e-con e-parent\" data-id=\"61007bd\" data-element_type=\"container\" data-e-type=\"container\">\n\t\t\t\t\t<div class=\"e-con-inner\">\n\t\t\t\t<div class=\"elementor-element elementor-element-aa30f14 elementor-widget elementor-widget-heading\" data-id=\"aa30f14\" data-element_type=\"widget\" data-e-type=\"widget\" data-widget_type=\"heading.default\">\n\t\t\t\t<div class=\"elementor-widget-container\">\n\t\t\t\t\t<h2 class=\"elementor-heading-title elementor-size-default\">\u00a0B\u00e9relhet\u0151 szoba a KiwiSun szol\u00e1rium emelet\u00e9n!<\/h2>\t\t\t\t<\/div>\n\t\t\t\t<\/div>\n\t\t\t\t\t<\/div>\n\t\t\t\t<\/div>\n\t\t<div class=\"elementor-element elementor-element-076c1a3 e-flex e-con-boxed e-con e-parent\" data-id=\"076c1a3\" data-element_type=\"container\" data-e-type=\"container\">\n\t\t\t\t\t<div class=\"e-con-inner\">\n\t\t\t\t<div class=\"elementor-element elementor-element-15ca488 elementor-widget elementor-widget-text-editor\" data-id=\"15ca488\" data-element_type=\"widget\" data-e-type=\"widget\" data-widget_type=\"text-editor.default\">\n\t\t\t\t<div class=\"elementor-widget-container\">\n\t\t\t\t\t\t\t\t\t<p>Sz\u00fcks\u00e9ge van egy r\u00f6vid t\u00e1vra b\u00e9relhet\u0151 helyis\u00e9gre?<br \/>Most lehet\u0151s\u00e9ge van emeleti \u00fczlethelyis\u00e9g\u00fcnk b\u00e9rl\u00e9s\u00e9re\u00a0<b>mind\u00f6ssze 2500 Ft\/\u00f3ra \u00e1ron!<\/b><\/p><p><b>T\u00f6k\u00e9letes v\u00e1laszt\u00e1s, ha:<\/b><br \/>\u2714\u00a0Alkalmi\u00a0<b>\u00fczleti vagy c\u00e9ges megbesz\u00e9l\u00e9st<\/b>\u00a0szeretne tartani.<br \/>\u2714\u00a0<b>Tan\u00e1csad\u00e1sokhoz, kisebb tr\u00e9ningekhez<\/b>\u00a0keres egy k\u00e9nyelmes helysz\u00ednt.<br \/>\u2714\u00a0Nem szeretne \u00e1lland\u00f3 irod\u00e1t b\u00e9relni, de id\u0151nk\u00e9nt sz\u00fcks\u00e9ge van egy professzion\u00e1lis t\u00e9rre.<\/p><p><b>Mit k\u00edn\u00e1lunk?<\/b><br \/>\u2705\u00a0<b>Rugalmass\u00e1g<\/b>\u00a0\u2013 b\u00e9relje ak\u00e1r\u00a0<b>p\u00e1r \u00f3r\u00e1ra<\/b>, amikor sz\u00fcks\u00e9ge van r\u00e1.<br \/>\u2705\u00a0<b>Kb. 18 n\u00e9gyzetm\u00e9teres helyis\u00e9g<\/b>, amely 8 f\u0151 sz\u00e1m\u00e1ra ide\u00e1lis.<br \/>\u2705\u00a0<b>Nagy falfel\u00fclet<\/b>, amely projektorral is j\u00f3l kihaszn\u00e1lhat\u00f3 (a projektort hozni kell).<br \/>\u2705\u00a0<b>Internet-hozz\u00e1f\u00e9r\u00e9s biztos\u00edtott.<\/b><br \/>\u2705\u00a0<b>Asztal \u00e9s sz\u00e9kek<\/b>\u00a0rendelkez\u00e9sre \u00e1llnak.<br \/>\u2705\u00a0<b>Nyugodt, k\u00e9nyelmes k\u00f6rnyezet<\/b>\u00a0a KiwiSun szalon emelet\u00e9n.<\/p><p>Felkeltett\u00fck \u00e9rdekl\u0151d\u00e9s\u00e9t? H\u00edvja c\u00e9ges telefonsz\u00e1munkat \u00e9s egyeztessen id\u0151pontot a megtekint\u00e9shez!<\/p><p>Telefonos egyeztet\u00e9s: +36 30 883 8622 (H-P, 8:00-17:00)<\/p><p><b>Foglalja le most, \u00e9s \u00e9lvezze a k\u00e9nyelmes megold\u00e1st an\u00e9lk\u00fcl, hogy hossz\u00fa t\u00e1v\u00fa k\u00f6telezetts\u00e9geket v\u00e1llalna!<\/b>\u00a0<\/p>\t\t\t\t\t\t\t\t<\/div>\n\t\t\t\t<\/div>\n\t\t\t\t\t<\/div>\n\t\t\t\t<\/div>\n\t\t\t\t<\/div>","protected":false},"excerpt":{"rendered":"<p>\u00a0B\u00e9relhet\u0151 szoba a KiwiSun szol\u00e1rium emelet\u00e9n! Sz\u00fcks\u00e9ge van egy r\u00f6vid t\u00e1vra b\u00e9relhet\u0151 helyis\u00e9gre?Most lehet\u0151s\u00e9ge van emeleti \u00fczlethelyis\u00e9g\u00fcnk b\u00e9rl\u00e9s\u00e9re\u00a0mind\u00f6ssze 2500 Ft\/\u00f3ra \u00e1ron! T\u00f6k\u00e9letes v\u00e1laszt\u00e1s, ha:\u2714\u00a0Alkalmi\u00a0\u00fczleti vagy c\u00e9ges megbesz\u00e9l\u00e9st\u00a0szeretne tartani.\u2714\u00a0Tan\u00e1csad\u00e1sokhoz, kisebb tr\u00e9ningekhez\u00a0keres egy k\u00e9nyelmes helysz\u00ednt.\u2714\u00a0Nem szeretne \u00e1lland\u00f3 irod\u00e1t b\u00e9relni, de id\u0151nk\u00e9nt sz\u00fcks\u00e9ge van egy professzion\u00e1lis t\u00e9rre. Mit k\u00edn\u00e1lunk?\u2705\u00a0Rugalmass\u00e1g\u00a0\u2013 b\u00e9relje ak\u00e1r\u00a0p\u00e1r \u00f3r\u00e1ra, amikor sz\u00fcks\u00e9ge van r\u00e1.\u2705\u00a0Kb. 18 n\u00e9gyzetm\u00e9teres &#8230; <a title=\"B\u00e9relhet\u0151\" class=\"read-more\" href=\"https:\/\/royalbeauty.hu\/en\/berelheto\/\" aria-label=\"Read more about B\u00e9relhet\u0151\">Read more<\/a><\/p>","protected":false},"author":1,"featured_media":0,"parent":0,"menu_order":0,"comment_status":"closed","ping_status":"closed","template":"elementor_header_footer","meta":{"footnotes":""},"class_list":["post-1325","page","type-page","status-publish"],"_links":{"self":[{"href":"https:\/\/royalbeauty.hu\/en\/wp-json\/wp\/v2\/pages\/1325","targetHints":{"allow":["GET"]}}],"collection":[{"href":"https:\/\/royalbeauty.hu\/en\/wp-json\/wp\/v2\/pages"}],"about":[{"href":"https:\/\/royalbeauty.hu\/en\/wp-json\/wp\/v2\/types\/page"}],"author":[{"embeddable":true,"href":"https:\/\/royalbeauty.hu\/en\/wp-json\/wp\/v2\/users\/1"}],"replies":[{"embeddable":true,"href":"https:\/\/royalbeauty.hu\/en\/wp-json\/wp\/v2\/comments?post=1325"}],"version-history":[{"count":7,"href":"https:\/\/royalbeauty.hu\/en\/wp-json\/wp\/v2\/pages\/1325\/revisions"}],"predecessor-version":[{"id":1389,"href":"https:\/\/royalbeauty.hu\/en\/wp-json\/wp\/v2\/pages\/1325\/revisions\/1389"}],"wp:attachment":[{"href":"https:\/\/royalbeauty.hu\/en\/wp-json\/wp\/v2\/media?parent=1325"}],"curies":[{"name":"wp","href":"https:\/\/api.w.org\/{rel}","templated":true}]}}