{"id":1279,"date":"2025-02-15T02:42:37","date_gmt":"2025-02-15T01:42:37","guid":{"rendered":"https:\/\/royalbeauty.hu\/?page_id=1279"},"modified":"2025-02-15T02:47:28","modified_gmt":"2025-02-15T01:47:28","slug":"szolarium-berletek","status":"publish","type":"page","link":"https:\/\/royalbeauty.hu\/en\/szolarium-berletek\/","title":{"rendered":"Szol\u00e1rium b\u00e9rletek"},"content":{"rendered":"<div data-elementor-type=\"wp-page\" data-elementor-id=\"1279\" class=\"elementor elementor-1279\" data-elementor-post-type=\"page\">\n\t\t\t\t<div class=\"elementor-element elementor-element-b087167 e-flex e-con-boxed e-con e-parent\" data-id=\"b087167\" data-element_type=\"container\" data-e-type=\"container\">\n\t\t\t\t\t<div class=\"e-con-inner\">\n\t\t\t\t<div class=\"elementor-element elementor-element-0d0c351 elementor-widget elementor-widget-heading\" data-id=\"0d0c351\" data-element_type=\"widget\" data-e-type=\"widget\" data-widget_type=\"heading.default\">\n\t\t\t\t<div class=\"elementor-widget-container\">\n\t\t\t\t\t<h2 class=\"elementor-heading-title elementor-size-default\">Szol\u00e1rium b\u00e9rletek<\/h2>\t\t\t\t<\/div>\n\t\t\t\t<\/div>\n\t\t\t\t<div class=\"elementor-element elementor-element-34d988d elementor-widget elementor-widget-text-editor\" data-id=\"34d988d\" data-element_type=\"widget\" data-e-type=\"widget\" data-widget_type=\"text-editor.default\">\n\t\t\t\t<div class=\"elementor-widget-container\">\n\t\t\t\t\t\t\t\t\t<p><span data-contrast=\"none\">KiwiSun Szol\u00e1rium B\u00e9rletek \u2013 Tal\u00e1ld meg a hozz\u00e1d ill\u0151t!<\/span><span data-ccp-props=\"{&quot;335559685&quot;:708}\">\u00a0<br \/><\/span><span data-contrast=\"auto\">Most\u202f<\/span><b><span data-contrast=\"auto\">\u00daJDONS\u00c1G!<\/span><\/b><span data-contrast=\"auto\">\u202fB\u00e9rleteinket\u202f<\/span><b><span data-contrast=\"auto\">online is megv\u00e1s\u00e1rolhatod<\/span><\/b><span data-contrast=\"auto\">\u202fsaj\u00e1t r\u00e9szre vagy\u202f<\/span><b><span data-contrast=\"auto\">aj\u00e1nd\u00e9kba<\/span><\/b><span data-contrast=\"auto\">! Ha aj\u00e1nd\u00e9kba sz\u00e1nod, egy\u202f<\/span><b><span data-contrast=\"auto\">n\u00e9vre sz\u00f3l\u00f3 aj\u00e1nd\u00e9k vouchert<\/span><\/b><span data-contrast=\"auto\">\u202fk\u00fcld\u00fcnk, amelyet st\u00edlusosan \u00e1tadhatsz szerettednek!\u202f\u00a0<\/span><span data-ccp-props=\"{&quot;335559685&quot;:708}\">\u00a0<\/span><\/p>\t\t\t\t\t\t\t\t<\/div>\n\t\t\t\t<\/div>\n\t\t\t\t\t<\/div>\n\t\t\t\t<\/div>\n\t\t<div class=\"elementor-element elementor-element-dd2066d e-flex e-con-boxed e-con e-parent\" data-id=\"dd2066d\" data-element_type=\"container\" data-e-type=\"container\">\n\t\t\t\t\t<div class=\"e-con-inner\">\n\t\t\t\t<div class=\"elementor-element elementor-element-cb0fca5 elementor-product-loop-item--align-center elementor-grid-mobile-1 elementor-grid-4 elementor-grid-tablet-3 elementor-products-grid elementor-wc-products elementor-widget elementor-widget-woocommerce-products\" data-id=\"cb0fca5\" data-element_type=\"widget\" data-e-type=\"widget\" data-widget_type=\"woocommerce-products.default\">\n\t\t\t\t<div class=\"elementor-widget-container\">\n\t\t\t\t\t<div class=\"woocommerce columns-4\"><ul class=\"products elementor-grid columns-4\">\n<li class=\"product type-product post-1278 status-publish first instock product_cat-berletek product_cat-csomagok product_cat-szolarium product_cat-szolarium-berletek has-post-thumbnail sale virtual taxable purchasable product-type-simple\">\n\t<a href=\"https:\/\/royalbeauty.hu\/en\/product\/180-perces-kiwisun-szolariumberlet-maximalis-hatekonysag\/\" class=\"woocommerce-LoopProduct-link woocommerce-loop-product__link\">\n\t<span class=\"onsale\" data-no-translation=\"\" data-trp-gettext=\"\">Sale!<\/span>\n\t<img fetchpriority=\"high\" decoding=\"async\" width=\"300\" height=\"300\" src=\"https:\/\/royalbeauty.hu\/wp-content\/uploads\/2025\/02\/image1-1-300x300.jpeg\" class=\"attachment-woocommerce_thumbnail size-woocommerce_thumbnail\" alt=\"180 perces Kiwisun Szol\u00e1riumb\u00e9rlet \u2013  Maxim\u00e1lis Hat\u00e9konys\u00e1g\" srcset=\"https:\/\/royalbeauty.hu\/wp-content\/uploads\/2025\/02\/image1-1-300x300.jpeg 300w, https:\/\/royalbeauty.hu\/wp-content\/uploads\/2025\/02\/image1-1-150x150.jpeg 150w, https:\/\/royalbeauty.hu\/wp-content\/uploads\/2025\/02\/image1-1-100x100.jpeg 100w\" sizes=\"(max-width: 300px) 100vw, 300px\" \/><h2 class=\"woocommerce-loop-product__title\">180 perces Kiwisun Szol\u00e1riumb\u00e9rlet \u2013  Maxim\u00e1lis Hat\u00e9konys\u00e1g<\/h2>\n\t<span class=\"price\"><del aria-hidden=\"true\"><span class=\"woocommerce-Price-amount amount\"><bdi>39.600&nbsp;<span class=\"woocommerce-Price-currencySymbol\">&#70;&#116;<\/span><\/bdi><\/span><\/del> <span class=\"screen-reader-text\" data-no-translation=\"\" data-trp-gettext=\"\">Original price was: 39.600&nbsp;&#070;&#116;.<\/span><ins aria-hidden=\"true\"><span class=\"woocommerce-Price-amount amount\"><bdi>28.440&nbsp;<span class=\"woocommerce-Price-currencySymbol\">&#70;&#116;<\/span><\/bdi><\/span><\/ins><span class=\"screen-reader-text\" data-no-translation=\"\" data-trp-gettext=\"\">Current price is: 28.440&nbsp;&#070;&#116;.<\/span><\/span>\n<\/a><div class=\"woocommerce-loop-product__buttons\"><a href=\"\/en\/wp-json\/wp\/v2\/pages\/1279?add-to-cart=1278\" aria-describedby=\"woocommerce_loop_add_to_cart_link_describedby_1278\" data-quantity=\"1\" class=\"button product_type_simple add_to_cart_button ajax_add_to_cart\" data-product_id=\"1278\" data-product_sku=\"\" aria-label=\"Add to cart: \u201c180 perces Kiwisun Szol\u00e1riumb\u00e9rlet \u2013  Maxim\u00e1lis Hat\u00e9konys\u00e1g\u201d\" rel=\"nofollow\" data-success_message=\"\u201c180 perces Kiwisun Szol\u00e1riumb\u00e9rlet \u2013  Maxim\u00e1lis Hat\u00e9konys\u00e1g\u201d has been added to your cart\" data-no-translation=\"\" data-trp-gettext=\"\" data-no-translation-aria-label=\"\" data-no-translation-data-success_message=\"\">Add to cart<\/a><\/div>\t<span id=\"woocommerce_loop_add_to_cart_link_describedby_1278\" class=\"screen-reader-text\">\n\t\t\t<\/span>\n<\/li>\n<li class=\"product type-product post-621 status-publish instock product_cat-berletek product_cat-csomagok product_cat-szolarium-berletek product_cat-szolarium has-post-thumbnail sale virtual taxable purchasable product-type-simple\">\n\t<a href=\"https:\/\/royalbeauty.hu\/en\/product\/%f0%9f%8e%84-karacsonyi-ajandekotlet-120-perces-kiwisun-szolariumberlet-a-ragyogo-aranybarna-megjelenesert-%f0%9f%8e%81\/\" class=\"woocommerce-LoopProduct-link woocommerce-loop-product__link\">\n\t<span class=\"onsale\" data-no-translation=\"\" data-trp-gettext=\"\">Sale!<\/span>\n\t<img decoding=\"async\" width=\"300\" height=\"300\" src=\"https:\/\/royalbeauty.hu\/wp-content\/uploads\/2025\/02\/image3-1-300x300.jpeg\" class=\"attachment-woocommerce_thumbnail size-woocommerce_thumbnail\" alt=\"120 perces Kiwisun Szol\u00e1riumb\u00e9rlet \u2013 T\u00f6k\u00e9letes Egyens\u00faly\" srcset=\"https:\/\/royalbeauty.hu\/wp-content\/uploads\/2025\/02\/image3-1-300x300.jpeg 300w, https:\/\/royalbeauty.hu\/wp-content\/uploads\/2025\/02\/image3-1-150x150.jpeg 150w, https:\/\/royalbeauty.hu\/wp-content\/uploads\/2025\/02\/image3-1-100x100.jpeg 100w\" sizes=\"(max-width: 300px) 100vw, 300px\" \/><h2 class=\"woocommerce-loop-product__title\">120 perces Kiwisun Szol\u00e1riumb\u00e9rlet \u2013 T\u00f6k\u00e9letes Egyens\u00faly<\/h2>\n\t<span class=\"price\"><del aria-hidden=\"true\"><span class=\"woocommerce-Price-amount amount\"><bdi>26.400&nbsp;<span class=\"woocommerce-Price-currencySymbol\">&#70;&#116;<\/span><\/bdi><\/span><\/del> <span class=\"screen-reader-text\" data-no-translation=\"\" data-trp-gettext=\"\">Original price was: 26.400&nbsp;&#070;&#116;.<\/span><ins aria-hidden=\"true\"><span class=\"woocommerce-Price-amount amount\"><bdi>22.200&nbsp;<span class=\"woocommerce-Price-currencySymbol\">&#70;&#116;<\/span><\/bdi><\/span><\/ins><span class=\"screen-reader-text\" data-no-translation=\"\" data-trp-gettext=\"\">Current price is: 22.200&nbsp;&#070;&#116;.<\/span><\/span>\n<\/a><div class=\"woocommerce-loop-product__buttons\"><a href=\"\/en\/wp-json\/wp\/v2\/pages\/1279?add-to-cart=621\" aria-describedby=\"woocommerce_loop_add_to_cart_link_describedby_621\" data-quantity=\"1\" class=\"button product_type_simple add_to_cart_button ajax_add_to_cart\" data-product_id=\"621\" data-product_sku=\"\" aria-label=\"Add to cart: \u201c120 perces Kiwisun Szol\u00e1riumb\u00e9rlet \u2013 T\u00f6k\u00e9letes Egyens\u00faly\u201d\" rel=\"nofollow\" data-success_message=\"\u201c120 perces Kiwisun Szol\u00e1riumb\u00e9rlet \u2013 T\u00f6k\u00e9letes Egyens\u00faly\u201d has been added to your cart\" data-no-translation=\"\" data-trp-gettext=\"\" data-no-translation-aria-label=\"\" data-no-translation-data-success_message=\"\">Add to cart<\/a><\/div>\t<span id=\"woocommerce_loop_add_to_cart_link_describedby_621\" class=\"screen-reader-text\">\n\t\t\t<\/span>\n<\/li>\n<li class=\"product type-product post-620 status-publish instock product_cat-berletek product_cat-csomagok product_cat-szolarium-berletek product_cat-szolarium has-post-thumbnail sale virtual taxable purchasable product-type-simple\">\n\t<a href=\"https:\/\/royalbeauty.hu\/en\/product\/%f0%9f%8e%84-karacsonyi-ajandekotlet-90-perces-kiwisun-szolariumberlet-a-ragyogo-aranybarna-megjelenesert-%f0%9f%8e%81\/\" class=\"woocommerce-LoopProduct-link woocommerce-loop-product__link\">\n\t<span class=\"onsale\" data-no-translation=\"\" data-trp-gettext=\"\">Sale!<\/span>\n\t<img decoding=\"async\" width=\"300\" height=\"300\" src=\"https:\/\/royalbeauty.hu\/wp-content\/uploads\/2025\/02\/image2-1-300x300.jpeg\" class=\"attachment-woocommerce_thumbnail size-woocommerce_thumbnail\" alt=\"90 perces Kiwisun Szol\u00e1riumb\u00e9rlet \u2013 Energikus Ragyog\u00e1s\" srcset=\"https:\/\/royalbeauty.hu\/wp-content\/uploads\/2025\/02\/image2-1-300x300.jpeg 300w, https:\/\/royalbeauty.hu\/wp-content\/uploads\/2025\/02\/image2-1-150x150.jpeg 150w, https:\/\/royalbeauty.hu\/wp-content\/uploads\/2025\/02\/image2-1-100x100.jpeg 100w\" sizes=\"(max-width: 300px) 100vw, 300px\" \/><h2 class=\"woocommerce-loop-product__title\">90 perces Kiwisun Szol\u00e1riumb\u00e9rlet \u2013 Energikus Ragyog\u00e1s<\/h2>\n\t<span class=\"price\"><del aria-hidden=\"true\"><span class=\"woocommerce-Price-amount amount\"><bdi>19.800&nbsp;<span class=\"woocommerce-Price-currencySymbol\">&#70;&#116;<\/span><\/bdi><\/span><\/del> <span class=\"screen-reader-text\" data-no-translation=\"\" data-trp-gettext=\"\">Original price was: 19.800&nbsp;&#070;&#116;.<\/span><ins aria-hidden=\"true\"><span class=\"woocommerce-Price-amount amount\"><bdi>17.100&nbsp;<span class=\"woocommerce-Price-currencySymbol\">&#70;&#116;<\/span><\/bdi><\/span><\/ins><span class=\"screen-reader-text\" data-no-translation=\"\" data-trp-gettext=\"\">Current price is: 17.100&nbsp;&#070;&#116;.<\/span><\/span>\n<\/a><div class=\"woocommerce-loop-product__buttons\"><a href=\"\/en\/wp-json\/wp\/v2\/pages\/1279?add-to-cart=620\" aria-describedby=\"woocommerce_loop_add_to_cart_link_describedby_620\" data-quantity=\"1\" class=\"button product_type_simple add_to_cart_button ajax_add_to_cart\" data-product_id=\"620\" data-product_sku=\"\" aria-label=\"Add to cart: \u201c90 perces Kiwisun Szol\u00e1riumb\u00e9rlet \u2013 Energikus Ragyog\u00e1s\u201d\" rel=\"nofollow\" data-success_message=\"\u201c90 perces Kiwisun Szol\u00e1riumb\u00e9rlet \u2013 Energikus Ragyog\u00e1s\u201d has been added to your cart\" data-no-translation=\"\" data-trp-gettext=\"\" data-no-translation-aria-label=\"\" data-no-translation-data-success_message=\"\">Add to cart<\/a><\/div>\t<span id=\"woocommerce_loop_add_to_cart_link_describedby_620\" class=\"screen-reader-text\">\n\t\t\t<\/span>\n<\/li>\n<li class=\"product type-product post-616 status-publish last instock product_cat-berletek product_cat-csomagok product_cat-szolarium-berletek product_cat-szolarium has-post-thumbnail sale virtual taxable purchasable product-type-simple\">\n\t<a href=\"https:\/\/royalbeauty.hu\/en\/product\/%f0%9f%8e%84-karacsonyi-ajandekotlet-60-perces-kiwisun-szolariumberlet-a-ragyogo-aranybarna-megjelenesert-%f0%9f%8e%81\/\" class=\"woocommerce-LoopProduct-link woocommerce-loop-product__link\">\n\t<span class=\"onsale\" data-no-translation=\"\" data-trp-gettext=\"\">Sale!<\/span>\n\t<img loading=\"lazy\" decoding=\"async\" width=\"300\" height=\"300\" src=\"https:\/\/royalbeauty.hu\/wp-content\/uploads\/2025\/02\/image0-1-300x300.jpeg\" class=\"attachment-woocommerce_thumbnail size-woocommerce_thumbnail\" alt=\"60 perces Kiwisun Szol\u00e1riumb\u00e9rlet \u2013 Nyugalom \u00e9s Harm\u00f3nia\" srcset=\"https:\/\/royalbeauty.hu\/wp-content\/uploads\/2025\/02\/image0-1-300x300.jpeg 300w, https:\/\/royalbeauty.hu\/wp-content\/uploads\/2025\/02\/image0-1-150x150.jpeg 150w, https:\/\/royalbeauty.hu\/wp-content\/uploads\/2025\/02\/image0-1-100x100.jpeg 100w\" sizes=\"(max-width: 300px) 100vw, 300px\" \/><h2 class=\"woocommerce-loop-product__title\">60 perces Kiwisun Szol\u00e1riumb\u00e9rlet \u2013 Nyugalom \u00e9s Harm\u00f3nia<\/h2>\n\t<span class=\"price\"><del aria-hidden=\"true\"><span class=\"woocommerce-Price-amount amount\"><bdi>13.200&nbsp;<span class=\"woocommerce-Price-currencySymbol\">&#70;&#116;<\/span><\/bdi><\/span><\/del> <span class=\"screen-reader-text\" data-no-translation=\"\" data-trp-gettext=\"\">Original price was: 13.200&nbsp;&#070;&#116;.<\/span><ins aria-hidden=\"true\"><span class=\"woocommerce-Price-amount amount\"><bdi>12.000&nbsp;<span class=\"woocommerce-Price-currencySymbol\">&#70;&#116;<\/span><\/bdi><\/span><\/ins><span class=\"screen-reader-text\" data-no-translation=\"\" data-trp-gettext=\"\">Current price is: 12.000&nbsp;&#070;&#116;.<\/span><\/span>\n<\/a><div class=\"woocommerce-loop-product__buttons\"><a href=\"\/en\/wp-json\/wp\/v2\/pages\/1279?add-to-cart=616\" aria-describedby=\"woocommerce_loop_add_to_cart_link_describedby_616\" data-quantity=\"1\" class=\"button product_type_simple add_to_cart_button ajax_add_to_cart\" data-product_id=\"616\" data-product_sku=\"\" aria-label=\"Add to cart: \u201c60 perces Kiwisun Szol\u00e1riumb\u00e9rlet \u2013 Nyugalom \u00e9s Harm\u00f3nia\u201d\" rel=\"nofollow\" data-success_message=\"\u201c60 perces Kiwisun Szol\u00e1riumb\u00e9rlet \u2013 Nyugalom \u00e9s Harm\u00f3nia\u201d has been added to your cart\" data-no-translation=\"\" data-trp-gettext=\"\" data-no-translation-aria-label=\"\" data-no-translation-data-success_message=\"\">Add to cart<\/a><\/div>\t<span id=\"woocommerce_loop_add_to_cart_link_describedby_616\" class=\"screen-reader-text\">\n\t\t\t<\/span>\n<\/li>\n<\/ul>\n<\/div>\t\t\t\t<\/div>\n\t\t\t\t<\/div>\n\t\t\t\t\t<\/div>\n\t\t\t\t<\/div>\n\t\t\t\t<\/div>","protected":false},"excerpt":{"rendered":"<p>Szol\u00e1rium b\u00e9rletek KiwiSun Szol\u00e1rium B\u00e9rletek \u2013 Tal\u00e1ld meg a hozz\u00e1d ill\u0151t!\u00a0Most\u202f\u00daJDONS\u00c1G!\u202fB\u00e9rleteinket\u202fonline is megv\u00e1s\u00e1rolhatod\u202fsaj\u00e1t r\u00e9szre vagy\u202faj\u00e1nd\u00e9kba! Ha aj\u00e1nd\u00e9kba sz\u00e1nod, egy\u202fn\u00e9vre sz\u00f3l\u00f3 aj\u00e1nd\u00e9k vouchert\u202fk\u00fcld\u00fcnk, amelyet st\u00edlusosan \u00e1tadhatsz szerettednek!\u202f\u00a0\u00a0<\/p>","protected":false},"author":1,"featured_media":0,"parent":0,"menu_order":0,"comment_status":"closed","ping_status":"closed","template":"elementor_header_footer","meta":{"footnotes":""},"class_list":["post-1279","page","type-page","status-publish"],"_links":{"self":[{"href":"https:\/\/royalbeauty.hu\/en\/wp-json\/wp\/v2\/pages\/1279","targetHints":{"allow":["GET"]}}],"collection":[{"href":"https:\/\/royalbeauty.hu\/en\/wp-json\/wp\/v2\/pages"}],"about":[{"href":"https:\/\/royalbeauty.hu\/en\/wp-json\/wp\/v2\/types\/page"}],"author":[{"embeddable":true,"href":"https:\/\/royalbeauty.hu\/en\/wp-json\/wp\/v2\/users\/1"}],"replies":[{"embeddable":true,"href":"https:\/\/royalbeauty.hu\/en\/wp-json\/wp\/v2\/comments?post=1279"}],"version-history":[{"count":16,"href":"https:\/\/royalbeauty.hu\/en\/wp-json\/wp\/v2\/pages\/1279\/revisions"}],"predecessor-version":[{"id":1296,"href":"https:\/\/royalbeauty.hu\/en\/wp-json\/wp\/v2\/pages\/1279\/revisions\/1296"}],"wp:attachment":[{"href":"https:\/\/royalbeauty.hu\/en\/wp-json\/wp\/v2\/media?parent=1279"}],"curies":[{"name":"wp","href":"https:\/\/api.w.org\/{rel}","templated":true}]}}