{"id":10,"date":"2024-10-01T13:14:36","date_gmt":"2024-10-01T11:14:36","guid":{"rendered":"https:\/\/kiwisunsiofok.hu\/?page_id=10"},"modified":"2024-11-25T03:11:07","modified_gmt":"2024-11-25T01:11:07","slug":"cart","status":"publish","type":"page","link":"https:\/\/royalbeauty.hu\/en\/cart\/","title":{"rendered":"Cart"},"content":{"rendered":"<div data-elementor-type=\"wp-page\" data-elementor-id=\"10\" class=\"elementor elementor-10\" data-elementor-post-type=\"page\">\n\t\t\t\t<div class=\"elementor-element elementor-element-7ac2581 e-flex e-con-boxed e-con e-parent\" data-id=\"7ac2581\" data-element_type=\"container\" data-e-type=\"container\">\n\t\t\t\t\t<div class=\"e-con-inner\">\n\t\t\t\t\t<\/div>\n\t\t\t\t<\/div>\n\t\t<div class=\"elementor-element elementor-element-eb25bea e-flex e-con-boxed e-con e-parent\" data-id=\"eb25bea\" data-element_type=\"container\" data-e-type=\"container\">\n\t\t\t\t\t<div class=\"e-con-inner\">\n\t\t\t\t\t<\/div>\n\t\t\t\t<\/div>\n\t\t\t\t<\/div>","protected":false},"excerpt":{"rendered":"<p>T\u00e9tel t\u00f6rl\u00e9se B\u00e9lyegk\u00e9p Term\u00e9k \u00c1r Mennyis\u00e9g R\u00e9sz\u00f6sszeg &times; \ud83c\udf84 Kar\u00e1csonyi Aj\u00e1nd\u00e9k\u00f6tlet: 120 perces Kiwisun Szol\u00e1riumb\u00e9rlet \u2013 a ragyog\u00f3 aranybarna megjelen\u00e9s\u00e9rt! \ud83c\udf81 22.900&nbsp;&#70;&#116; \ud83c\udf84 Kar\u00e1csonyi Aj\u00e1nd\u00e9k\u00f6tlet: 120 perces Kiwisun Szol\u00e1riumb\u00e9rlet \u2013 a ragyog\u00f3 aranybarna megjelen\u00e9s\u00e9rt! \ud83c\udf81 mennyis\u00e9g 22.900&nbsp;&#70;&#116; Megad\u00e1s V\u00e9g\u00fcsszeg R\u00e9sz\u00f6sszeg 22.900&nbsp;&#70;&#116; Sz\u00e1ll\u00edt\u00e1s Free shipping A sz\u00e1ll\u00edt\u00e1si m\u00f3dok friss\u00edtve lesznek a p\u00e9nzt\u00e1r oldalon. Sz\u00e1ll\u00edt\u00e1si d\u00edj kisz\u00e1m\u00edt\u00e1sa &#8230; <a title=\"Cart\" class=\"read-more\" href=\"https:\/\/royalbeauty.hu\/en\/cart\/\" aria-label=\"Read more about Cart\">Read more<\/a><\/p>","protected":false},"author":1,"featured_media":0,"parent":0,"menu_order":0,"comment_status":"closed","ping_status":"closed","template":"elementor_header_footer","meta":{"footnotes":""},"class_list":["post-10","page","type-page","status-publish"],"_links":{"self":[{"href":"https:\/\/royalbeauty.hu\/en\/wp-json\/wp\/v2\/pages\/10","targetHints":{"allow":["GET"]}}],"collection":[{"href":"https:\/\/royalbeauty.hu\/en\/wp-json\/wp\/v2\/pages"}],"about":[{"href":"https:\/\/royalbeauty.hu\/en\/wp-json\/wp\/v2\/types\/page"}],"author":[{"embeddable":true,"href":"https:\/\/royalbeauty.hu\/en\/wp-json\/wp\/v2\/users\/1"}],"replies":[{"embeddable":true,"href":"https:\/\/royalbeauty.hu\/en\/wp-json\/wp\/v2\/comments?post=10"}],"version-history":[{"count":22,"href":"https:\/\/royalbeauty.hu\/en\/wp-json\/wp\/v2\/pages\/10\/revisions"}],"predecessor-version":[{"id":710,"href":"https:\/\/royalbeauty.hu\/en\/wp-json\/wp\/v2\/pages\/10\/revisions\/710"}],"wp:attachment":[{"href":"https:\/\/royalbeauty.hu\/en\/wp-json\/wp\/v2\/media?parent=10"}],"curies":[{"name":"wp","href":"https:\/\/api.w.org\/{rel}","templated":true}]}}